{"id":42314,"date":"2022-01-07T09:20:17","date_gmt":"2022-01-07T08:20:17","guid":{"rendered":"https:\/\/aulasteam.com\/?page_id=42314"},"modified":"2022-01-07T19:35:49","modified_gmt":"2022-01-07T18:35:49","slug":"casos-de-estudio","status":"publish","type":"page","link":"https:\/\/aulasteam.com\/pt\/casos-de-estudio\/","title":{"rendered":""},"content":{"rendered":"\n<p><\/p>\n\n\n\n<p><\/p>\n\n\n\n<p><strong>El prop\u00f3sito de estos textos, es dar a conocer la gran oportunidad que representan los e-textiles aplicados a la educaci\u00f3n para apoyar la equidad y enfoque educativo STEAM.  Asimismo, para fomentar tanto en el docente como en el alumno el desarrollo de nuevas habilidades y formas de pensamiento que resultan fundamentales para desenvolverse en el mundo del siglo XXI<\/strong><\/p>\n\n\n\n<h2><strong><sup><sub><span class=\"has-inline-color has-pale-pink-color\">E-textiles para la formaci\u00f3n de profesorado en las \u00e1reas STEM<\/span><\/sub><\/sup><\/strong><\/h2>\n\n\n\n<div class=\"wp-block-image is-style-default\"><figure class=\"alignleft size-large\"><img loading=\"lazy\" width=\"254\" height=\"186\" src=\"https:\/\/aulasteam.com\/wp-content\/uploads\/2022\/01\/Screen-Shot-2022-01-07-at-18.50.40.png\" alt=\"\" class=\"wp-image-42366\"\/><\/figure><\/div>\n\n\n\n<p>En este art\u00edculo se aborda la formaci\u00f3n del profesorado de educaci\u00f3n primaria y secundaria con el objetivo de capacitarlo para el dise\u00f1o y la aplicaci\u00f3n de propuestas did\u00e1cticas innovadoras enmarcadas en el enfoque STEAM. Se valora la importancia que posee el \u00e1rea multidisciplinar de los e-textiles en la educaci\u00f3n y se argumenta c\u00f3mo el kit de construcci\u00f3n Lilypad Arduino puede conformar una pieza clave para que funcionen al mismo nivel todas estas materias en el aula. En este trabajo se describen dos talleres te\u00f3rico-pr\u00e1cticos, que cuentan con la participaci\u00f3n de un total de 32 profesores expertos en diferentes especialidades. Estas acciones educativas se incluyen en el marco de una colaboraci\u00f3n entre la autora del texto y los organizadores de proyectos de innovaci\u00f3n educativa Aula 3i, que promueven las \u00e1reas de Innovaci\u00f3n y Nuevas Tecnolog\u00edas del Cabildo de Fuerteventura y el Parque Tecnol\u00f3gico de Fuerteventura.<\/p>\n\n\n\n<p class=\"has-pale-pink-color has-text-color\"><strong><a href=\"https:\/\/riunet.upv.es\/handle\/10251\/122074\">ENLACE PUBLICACI\u00d3N<\/a><\/strong><\/p>\n\n\n\n<p><strong>Citar: <\/strong><\/p>\n\n\n\n<p>P. Guimer\u00e1ns S\u00e1nchez, \u201cE-textiles para la formaci\u00f3n de profesorado en las \u00e1reas STEM,\u201d in Proc. INNODOCT\/18. Int. Conf. Innov., Document Edu., Nov. 2018, pp. 561\u2013571<\/p>\n\n\n\n<hr class=\"wp-block-separator\"\/>\n\n\n\n<h2><strong><strong><span class=\"has-inline-color has-pale-pink-color\">Obradoiro na Biblioteca Creativa: E-t\u00e9xtiles, Scratch e Makey Makey<\/span><\/strong><\/strong><\/h2>\n\n\n\n<div class=\"wp-block-image is-style-default\"><figure class=\"alignleft size-large\"><img loading=\"lazy\" width=\"241\" height=\"173\" src=\"https:\/\/aulasteam.com\/wp-content\/uploads\/2022\/01\/Screen-Shot-2022-01-07-at-18.50.46.png\" alt=\"\" class=\"wp-image-42367\"\/><\/figure><\/div>\n\n\n\n<p>Este artigo presenta os resultados do obradoiro E-t\u00e9xtiles e novas tecnolox\u00edas creativas realizado no curso 2020\/21 no marco do programa Biblioteca Creativa. A actividade desenv\u00f3lvese no colexio rural CEIP Canosa-Rus para o grupo de terceiro de educaci\u00f3n primaria. Enmarcada nun enfoque construcionista, propio do esp\u00edrito maker da proposta, os resultados evidencian que a posta en pr\u00e1ctica de distintas metodolox\u00edas activas axudan o alumnado a desenvolver habilidades e competencias para o s\u00e9culo XXI.<\/p>\n\n\n\n<p class=\"has-white-color has-text-color\">&#8211;<\/p>\n\n\n\n<p class=\"has-pale-pink-color has-text-color\"><strong><a href=\"http:\/\/www.edu.xunta.gal\/eduga\/2176\/boas-practicas\/obradoiro-na-biblioteca-creativa-textiles-scratch-makey-makey\" target=\"_blank\" rel=\"noreferrer noopener\">ENLACE PUBLICACI\u00d3N<\/a><\/strong><\/p>\n\n\n\n<p><strong>Citar:<\/strong><\/p>\n\n\n\n<p>Guimer\u00e1ns,P., R\u00faa, D. (2021<em>)&nbsp;Obradoiro na Biblioteca Creativa: E-t\u00e9xtiles, Scratch e Makey Makey<\/em>.&nbsp;Revista EDUGA,&nbsp;&nbsp;n\u00ba82&nbsp;&nbsp;<\/p>\n\n\n\n<hr class=\"wp-block-separator\"\/>\n\n\n\n<h2><strong><span class=\"has-inline-color has-pale-pink-color\"><strong>Mapeo hist\u00f3rico del impacto de los E-textiles en las Bibliotecas Escolares Gallegas<\/strong><\/span><\/strong><\/h2>\n\n\n\n<div class=\"wp-block-image is-style-default\"><figure class=\"alignleft size-large\"><img loading=\"lazy\" width=\"211\" height=\"173\" src=\"https:\/\/aulasteam.com\/wp-content\/uploads\/2022\/01\/Screen-Shot-2022-01-07-at-18.50.50.png\" alt=\"\" class=\"wp-image-42368\"\/><\/figure><\/div>\n\n\n\n<p>Este artigo presenta os resultados do obradoiro E-t\u00e9xtiles e novas tecnolox\u00edas creativas realizado no curso 2020\/21 no marco do programa Biblioteca Creativa. A actividade desenv\u00f3lvese no colexio rural CEIP Canosa-Rus para o grupo de terceiro de educaci\u00f3n primaria. Enmarcada nun enfoque construcionista, propio do esp\u00edrito maker da proposta, os resultados evidencian que a posta en pr\u00e1ctica de distintas metodolox\u00edas activas axudan o alumnado a desenvolver habilidades e competencias para o s\u00e9culo XXI.<\/p>\n\n\n\n<p class=\"has-white-color has-text-color\">&#8211;<\/p>\n\n\n\n<p class=\"has-pale-pink-color has-text-color\"><strong><a href=\"http:\/\/www.edu.xunta.gal\/eduga\/2176\/boas-practicas\/obradoiro-na-biblioteca-creativa-textiles-scratch-makey-makey\" target=\"_blank\" rel=\"noreferrer noopener\">ENLACE PUBLICACI\u00d3N<\/a><\/strong><\/p>\n\n\n\n<p><strong><a href=\"https:\/\/aulasteam.com\/obradoiro-e-textiles-e-tecnoloxias-creativas\/\" target=\"_blank\" rel=\"noreferrer noopener\">ENLACE ACTIVIDADES<\/a><\/strong><\/p>\n\n\n\n<p><strong>Citar:<\/strong><\/p>\n\n\n\n<p>Guimer\u00e1ns,P., R\u00faa, D. (2021<em>)&nbsp;Obradoiro na Biblioteca Creativa: E-t\u00e9xtiles, Scratch e Makey Makey<\/em>.&nbsp;Revista EDUGA,&nbsp;&nbsp;n\u00ba82&nbsp;&nbsp;<\/p>\n\n\n\n<p>&nbsp;<\/p>\n\n\n\n<p>&nbsp;<\/p>\n\n\n\n<p>&nbsp;<\/p>\n","protected":false},"excerpt":{"rendered":"<p>El prop\u00f3sito de estos textos, es dar a conocer la gran oportunidad que representan los e-textiles aplicados a la educaci\u00f3n para apoyar la equidad y enfoque educativo STEAM. Asimismo, para fomentar tanto en el docente como en el alumno el desarrollo de nuevas habilidades y formas de pensamiento que resultan fundamentales para desenvolverse en el&hellip;<\/p>\n","protected":false},"author":1,"featured_media":0,"parent":0,"menu_order":0,"comment_status":"closed","ping_status":"closed","template":"templates\/no-sidebar.php","meta":[],"_links":{"self":[{"href":"https:\/\/aulasteam.com\/pt\/wp-json\/wp\/v2\/pages\/42314"}],"collection":[{"href":"https:\/\/aulasteam.com\/pt\/wp-json\/wp\/v2\/pages"}],"about":[{"href":"https:\/\/aulasteam.com\/pt\/wp-json\/wp\/v2\/types\/page"}],"author":[{"embeddable":true,"href":"https:\/\/aulasteam.com\/pt\/wp-json\/wp\/v2\/users\/1"}],"replies":[{"embeddable":true,"href":"https:\/\/aulasteam.com\/pt\/wp-json\/wp\/v2\/comments?post=42314"}],"version-history":[{"count":33,"href":"https:\/\/aulasteam.com\/pt\/wp-json\/wp\/v2\/pages\/42314\/revisions"}],"predecessor-version":[{"id":42386,"href":"https:\/\/aulasteam.com\/pt\/wp-json\/wp\/v2\/pages\/42314\/revisions\/42386"}],"wp:attachment":[{"href":"https:\/\/aulasteam.com\/pt\/wp-json\/wp\/v2\/media?parent=42314"}],"curies":[{"name":"wp","href":"https:\/\/api.w.org\/{rel}","templated":true}]}}