{"id":13561,"date":"2016-09-06T18:43:14","date_gmt":"2016-09-06T18:43:14","guid":{"rendered":"http:\/\/totaltheme.wpengine.com\/boost\/?page_id=18"},"modified":"2021-09-15T17:42:29","modified_gmt":"2021-09-15T15:42:29","slug":"clientes","status":"publish","type":"page","link":"https:\/\/aulasteam.com\/gl\/clientes\/","title":{"rendered":"Clientes"},"content":{"rendered":"[vc_row full_width=&#8221;stretch_row&#8221; wpex_bg_overlay=&#8221;dashed&#8221; css=&#8221;.vc_custom_1587657572186{padding-top: 20px !important;padding-bottom: 50px !important;background: #0e7a99 url(https:\/\/aulasteam.com\/wp-content\/uploads\/2020\/04\/b1_26979223071_o-scaled.jpg?id=14851) !important;background-position: center !important;background-repeat: no-repeat !important;background-size: cover !important;}&#8221; wpex_bg_overlay_opacity=&#8221;0.55&#8243; wpex_bg_overlay_color=&#8221;#ededed&#8221;][vc_column][vc_column_text text_align=&#8221;center&#8221; font_weight=&#8221;semibold&#8221; color=&#8221;#ffffff&#8221; font_size=&#8221;d:38px|tp:32px&#8221; line_height=&#8221;1.2&#8243;]<strong><span class=\"st\"><span style=\"font-family: book antiqua, palatino;\">Clientes <\/span><br \/>\n<\/span><\/strong>[\/vc_column_text]<div class=\"vcex-spacing\" style=\"height:40px\"><\/div><div class=\"textcenter theme-button-wrap clr\"><a href=\"https:\/\/aulasteam.com\/acerca_de_mi\/\" class=\"vcex-button theme-button align-center inline animate-on-hover\" target=\"_blank\" style=\"background:#e835a6;padding:10px 16px;text-transform:uppercase;\" data-wpex-rcss='{&quot;font-size&quot;:{&quot;d&quot;:&quot;18px&quot;,&quot;tp&quot;:&quot;16px&quot;}}'><span class=\"theme-button-inner\">Quiero m\u00e1s informaci\u00f3n <span class=\"vcex-icon-wrap theme-button-icon-right\"><span class=\"ticon ticon-angle-double-right\" aria-hidden=\"true\"><\/span><\/span><\/span><\/a><\/div> [\/vc_column][\/vc_row][vc_row][vc_column][vc_zigzag color=&#8221;white&#8221;][\/vc_column][\/vc_row][vc_row][vc_column][\/vc_column][\/vc_row][vc_row][vc_column width=&#8221;1\/2&#8243;][vc_column_text]\n<h1 style=\"text-align: left;\"><span style=\"color: #008080;\"><strong><span style=\"font-size: 18px;\">SERVICIOS<\/span><\/strong><\/span><\/h1>\n<ul>\n<li style=\"text-align: left;\"><span style=\"font-size: 18px;\">Servicio de Consultor\u00eda<\/span><\/li>\n<li style=\"text-align: left;\"><span style=\"font-size: 18px;\">Desarrollo de Programas Educativos Innovadores<\/span><\/li>\n<li style=\"text-align: left;\"><span style=\"font-size: 18px;\">Dise\u00f1o de Contenido adaptados a todos los niveles educativos y audiencias<\/span><\/li>\n<li style=\"text-align: left;\"><span style=\"font-size: 18px;\">Contenidos y Actividades online<\/span><\/li>\n<li style=\"text-align: left;\"><span style=\"font-size: 18px;\">Formaci\u00f3n a Formadores<\/span><\/li>\n<\/ul>\n[\/vc_column_text][\/vc_column][vc_column width=&#8221;1\/2&#8243;][vc_column_text]<span style=\"font-size: 18px; color: #6b6767;\">En los \u00faltimos a\u00f1os he colaborado y desarrollado proyectos para instituciones\u00a0 y empresas privadas como Inditex, el Departamento de Educaci\u00f3n del Museo Crist\u00f3bal Balenciaga, el Departamento de Innovaci\u00f3n de BQ, Bilbao Ekintza, el \u00c1rea de Euskera, Juventud y Deporte del Ayuntamiento de Bilbao, la Consejer\u00eda de Innovaci\u00f3n de Fuerteventura, Xunta de Galicia o la Fundaci\u00f3n Barri\u00e9, Fundaci\u00f3n Abanca, entre otros.<\/span>[\/vc_column_text][\/vc_column][\/vc_row][vc_row][vc_column][vc_single_image image=&#8221;15629&#8243;][\/vc_column][\/vc_row][vc_row][vc_column][vc_zigzag color=&#8221;white&#8221;][\/vc_column][\/vc_row][vc_row][vc_column][vc_column_text]\n<h1><strong><span style=\"color: #e835a6;\">CLIENTES Y PROYECTOS<\/span><\/strong><\/h1>\n[\/vc_column_text][\/vc_column][\/vc_row][vc_row][vc_column width=&#8221;1\/4&#8243;][vc_column_text]<strong>CLIENTE \/ <\/strong><span style=\"color: #808080;\">BQ DEPARTAMENTO INNOVACION<\/span>[\/vc_column_text]<div class=\"vcex-module vcex-divider-dots clr textleft\"><span><\/span><span><\/span><span><\/span><\/div>[vc_hoverbox image=&#8221;15635&#8243; primary_title=&#8221;2015&#8243; hover_title=&#8221;CIRCOLAB&#8221; shape=&#8221;square&#8221; hover_background_color=&#8221;turquoise&#8221;]<span style=\"color: #000000;\"><a style=\"color: #000000;\" href=\"https:\/\/vimeo.com\/158101339\"><strong>CIRCOLAB\u00a0 <\/strong><\/a>es un laboratorio de experimentaci\u00f3n educativo y tecnol\u00f3gico itinerante impulsado por la empresa de m\u00f3viles <a style=\"color: #000000;\" href=\"https:\/\/www.bq.com\/es\/\">BQ<\/a> .En este proyecto fui la responsable del dise\u00f1o de experiencia de usuario y de dise\u00f1ar las actividades del proyecto, todas ellas basadas en la metodolog\u00eda educativa STEAM. <\/span><\/p>\n<p><span style=\"color: #333333;\"><a style=\"color: #333333;\" href=\"https:\/\/www.eldiario.es\/hojaderouter\/tecnologia\/Circolab-BQ-Victor_Diaz-makers-fabricacion_digital-impresion_3D_0_433606828.html\"><span class=\"st\">+<\/span>info<\/a><\/span><\/p>\n[\/vc_hoverbox][\/vc_column][vc_column width=&#8221;1\/4&#8243;][vc_column_text]<strong>CLIENTE \/ <\/strong><span style=\"color: #808080;\">PROGRAMA EDU MUSEO BALENCIAGA<\/span><strong><br \/>\n<\/strong>[\/vc_column_text]<div class=\"vcex-module vcex-divider-dots clr textleft\"><span><\/span><span><\/span><span><\/span><\/div>[vc_hoverbox image=&#8221;14949&#8243; primary_title=&#8221;2016&#8243; hover_title=&#8221;Moda y E-textiles&#8221; shape=&#8221;square&#8221; hover_background_color=&#8221;juicy-pink&#8221;]<span style=\"color: #ffffff;\">Esta actividad la dise\u00f1o Ad hoc para el Departamento de Educaci\u00f3n del Museo Balenciaga con el fin de promover entre los estudiantes de Educaci\u00f3n Secundaria del Pais Vasco una educaci\u00f3n innovadora que favorezca la profundizaci\u00f3n en conceptos y lenguajes propios de la moda y la tecnolog\u00eda.<\/span><\/p>\n<p><a href=\"https:\/\/www.cristobalbalenciagamuseoa.com\/aprende\/programa-escolar\/educacion-secundaria\/\"><span style=\"color: #333333;\"><span class=\"st\">+<\/span>info<\/span><\/a><\/p>\n[\/vc_hoverbox][\/vc_column][vc_column width=&#8221;1\/4&#8243;][vc_column_text]<strong>CLIENTE \/ <\/strong><span style=\"color: #808080;\">GOBIERNO DE CANARIAS , ACIISI<\/span><strong><br \/>\n<\/strong>[\/vc_column_text]<div class=\"vcex-module vcex-divider-dots clr textleft\"><span><\/span><span><\/span><span><\/span><\/div>[vc_hoverbox image=&#8221;14954&#8243; primary_title=&#8221;2020&#8243; hover_title=&#8221;Laboratorio STEAM en casa&#8221; shape=&#8221;square&#8221; hover_background_color=&#8221;custom&#8221; hover_custom_background=&#8221;#c5ef99&#8243;]Esta iniciativa de formaci\u00f3n online est\u00e1 destinada a estudiantes de Primaria de 7 a 9 a\u00f1os, acompa\u00f1ados de sus familias. En esta iniciativa, a trav\u00e9s de una web de recursos, las familias podr\u00e1n realizar actividades que fomentan el inter\u00e9s de ni\u00f1as y ni\u00f1os por las \u00e1reas de STEAM.<\/p>\n<p><a href=\"https:\/\/laboratoriosteamencasa.com\/\"><span class=\"ILfuVd\"><span class=\"e24Kjd\">+<\/span><\/span>info<\/a>[\/vc_hoverbox][\/vc_column][vc_column width=&#8221;1\/4&#8243;][vc_column_text]<strong>CLIENTE \/ <\/strong><span style=\"color: #808080;\">FUNDACI\u00d3N BARRI\u00c9<\/span>[\/vc_column_text]<div class=\"vcex-module vcex-divider-dots clr textleft\"><span><\/span><span><\/span><span><\/span><\/div>[vc_hoverbox image=&#8221;15637&#8243; primary_title=&#8221;2019&#8243; hover_title=&#8221;Tecnolog\u00eda entre costuras&#8221; shape=&#8221;square&#8221; hover_background_color=&#8221;orange&#8221;]\n<div class=\"pv-entity__summary-info pv-entity__summary-info--background-section mb2\">\n<p class=\"pv-entity__location t-14 t-black--light t-normal block\">Responsable del dise\u00f1o del contenido did\u00e1ctico\u00a0 para la expo &#8220;Norman Parkinson, siempre con Estilo&#8221;. <span class=\"background-details\">En estas actividades , los participantes se imaginar\u00e1n c\u00f3mo ser\u00e1 la moda del futuro.\u00a0 Ayudados de dispositivos digitales educativos podr\u00e1n crear sus propias fotograf\u00edas luminosas o accesorios de moda interactivos. <\/span><\/p>\n<\/div>\n<p><a href=\"https:\/\/fundacionbarrie.org\/didactica-familias-norman-parkinson\"><span class=\"st\">+<\/span>info<\/a><\/p>\n[\/vc_hoverbox][\/vc_column][\/vc_row][vc_row][vc_column width=&#8221;1\/4&#8243;][vc_column_text]<strong>CLIENTE \/ <\/strong><span style=\"color: #808080;\">FUNDACI\u00d3N BARRI\u00c9<\/span>[\/vc_column_text]<div class=\"vcex-module vcex-divider-dots clr textleft\"><span><\/span><span><\/span><span><\/span><\/div>[vc_hoverbox image=&#8221;14895&#8243; primary_title=&#8221;2019&#8243; hover_title=&#8221;Trazos Maestros y Electr\u00f3nica&#8221; shape=&#8221;square&#8221; hover_background_color=&#8221;custom&#8221; hover_custom_background=&#8221;#9be8a6&#8243;]Responsable de la impartici\u00f3n y dise\u00f1o del contenido did\u00e1ctico para la expo &#8220;Trazos maestros: dibujos holandeses y flamencos&#8221; del Victoria and Albert Museum.\u00a0 Los talleres de Scratcg y Makey Makey est<span class=\"st\">\u00e1n <\/span>dirigidos\u00a0 para centros de ense\u00f1anza, colectivos de diversidad funcional, familias y profesores.<\/p>\n<p><a href=\"https:\/\/fundacionbarrie.org\/didactica-trazos-maestros\"><span class=\"st\">+<\/span>info<\/a><\/p>\n[\/vc_hoverbox][\/vc_column][vc_column width=&#8221;1\/4&#8243;][vc_column_text]<strong>CLIENTE \/ <\/strong><span class=\"st\" style=\"color: #808080;\">BIBLIOTECAS ESCOLARES DE GALICIA<\/span>[\/vc_column_text]<div class=\"vcex-module vcex-divider-dots clr textleft\"><span><\/span><span><\/span><span><\/span><\/div>[vc_hoverbox image=&#8221;15609&#8243; primary_title=&#8221;2019-2020&#8243; hover_title=&#8221;Biblioteca Creativa&#8221; shape=&#8221;square&#8221; hover_background_color=&#8221;sky&#8221;]<span style=\"color: #ffffff;\">Este a<span class=\"st\">\u00f1<\/span>o, como parte do proxecto BIBLIOTECA CREATIVA son a responsable de impartir a formaci\u00f3n &#8220;E- T\u00e9xtiles&#8221; co fin de visibilizar as posibilidades que ofrece este campo aplicado a educaci\u00f3n para iniciarse a electr\u00f3nica e a programaci\u00f3n. As\u00ed mesmo para a ense\u00f1anza das ciencias da computaci\u00f3n nas bibliotecas escolares de Galicia.<\/span><\/p>\n<p><a href=\"https:\/\/www.edu.xunta.gal\/portal\/es\/node\/28611\"><strong><span style=\"color: #000080;\"><span class=\"st\">+<\/span>info<\/span><\/strong><\/a><\/p>\n[\/vc_hoverbox][\/vc_column][vc_column width=&#8221;1\/4&#8243;][vc_column_text]<strong>CLIENTE \/<\/strong> <span style=\"color: #808080;\">GOBIERNO DEL PAIS VASCO<\/span><strong><br \/>\n<\/strong>[\/vc_column_text]<div class=\"vcex-module vcex-divider-dots clr textleft\"><span><\/span><span><\/span><span><\/span><\/div>[vc_hoverbox image=&#8221;15598&#8243; primary_title=&#8221;2013 &#8211; 2015&#8243; hover_title=&#8221;Gaztea Tech&#8221; shape=&#8221;square&#8221; hover_background_color=&#8221;sandy-brown&#8221;]<span style=\"color: #ffffff;\">Esta iniciativa pionera del \u00c1rea de Euskera, Juventud y Deporte del Ayuntamiento de Bilbao pensada para democratizar entre la juventud (16-25) el uso de las nuevas herramientas digitales para crear, aprender e innovar. En el marco de este programa fui la responsable de dise\u00f1ar e impartir el m<span class=\"st\">\u00f3<\/span>dulo E-Textiles y Educaci<span class=\"st\">\u00f3<\/span>n Maker.<br \/>\n<\/span><\/p>\n<p><a href=\"https:\/\/fuerteventurabiosferarte.wordpress.com\/\"><span class=\"st\">+<\/span>info<\/a><\/p>\n[\/vc_hoverbox][\/vc_column][vc_column width=&#8221;1\/4&#8243;][vc_column_text]<strong>CLIENTE \/<\/strong> <span style=\"color: #808080;\">GOBIERNO DE CANARIAS , ACIISI <\/span><strong><br \/>\n<\/strong>[\/vc_column_text]<div class=\"vcex-module vcex-divider-dots clr textleft\"><span><\/span><span><\/span><span><\/span><\/div>[vc_hoverbox image=&#8221;15582&#8243; primary_title=&#8221;2019&#8243; hover_title=&#8221;Hackat\u00f3n Escolar&#8221; shape=&#8221;square&#8221; hover_background_color=&#8221;orange&#8221;]En el marco de la <span class=\"st\">Semanas de la Ciencia y la Innovaci\u00f3n fui la<\/span> responsable de dise<span class=\"st\">\u00f1<\/span>ar e impartir el <strong>Hackat\u00f3n Escolar<\/strong> Junior dirigido a 1\u00ba, 2\u00ba y 3\u00ba de la ESO, donde 70 alumnos\/as de seis centros educativos formaron equipos para desarrollar una serie de retos alrededor de los ODS durante la ma\u00f1ana en el Parque Tecnol\u00f3gico de Fuerteventura.<\/p>\n<p><a href=\"https:\/\/www.cristobalbalenciagamuseoa.com\/aprende\/programa-escolar\/educacion-secundaria\/\"><span class=\"st\">+<\/span>info<\/a><\/p>\n[\/vc_hoverbox][\/vc_column][\/vc_row][vc_row][vc_column width=&#8221;1\/4&#8243;][vc_column_text]<strong>CLIENTE \/ <\/strong><span style=\"color: #808080;\">GOBIERNO DE CANARIAS , ACIISI<\/span><strong><br \/>\n<\/strong>[\/vc_column_text]<div class=\"vcex-module vcex-divider-dots clr textleft\"><span><\/span><span><\/span><span><\/span><\/div>[vc_hoverbox image=&#8221;15607&#8243; primary_title=&#8221;2018&#8243; hover_title=&#8221;Hackaton Biosferarte&#8221; shape=&#8221;square&#8221; hover_background_color=&#8221;sky&#8221;]<span style=\"color: #ffffff;\">Responsable de dise\u00f1ar e impartir un hackaton\u00a0 que tiene como objetivo promover la ciencia y la tecnolog\u00eda a trav\u00e9s del arte en estudiantes de secundaria y bachillerato. Tambi\u00e9n, impulsar la diversidad de g\u00e9nero trabajando en un proyecto que conciencia sobre la importancia del desarrollo sostenible en una isla que es Reserva de la Biosfera.<\/span><\/p>\n<p><a href=\"https:\/\/fuerteventurabiosferarte.wordpress.com\/\"><span class=\"st\">+<\/span>info<\/a><\/p>\n[\/vc_hoverbox][\/vc_column][vc_column width=&#8221;1\/4&#8243;][\/vc_column][vc_column width=&#8221;1\/4&#8243;][\/vc_column][vc_column width=&#8221;1\/4&#8243;][\/vc_column][\/vc_row][vc_row][vc_column][vc_zigzag color=&#8221;white&#8221;][vc_zigzag color=&#8221;white&#8221;][vc_zigzag color=&#8221;white&#8221;][\/vc_column][\/vc_row]\n","protected":false},"excerpt":{"rendered":"<p>[vc_row full_width=&#8221;stretch_row&#8221; wpex_bg_overlay=&#8221;dashed&#8221; css=&#8221;.vc_custom_1587657572186{padding-top: 20px !important;padding-bottom: 50px !important;background: #0e7a99 url(https:\/\/aulasteam.com\/wp-content\/uploads\/2020\/04\/b1_26979223071_o-scaled.jpg?id=14851) !important;background-position: center !important;background-repeat: no-repeat !important;background-size: cover !important;}&#8221; wpex_bg_overlay_opacity=&#8221;0.55&#8243; wpex_bg_overlay_color=&#8221;#ededed&#8221;][vc_column][vc_column_text text_align=&#8221;center&#8221; font_weight=&#8221;semibold&#8221; color=&#8221;#ffffff&#8221; font_size=&#8221;d:38px|tp:32px&#8221; line_height=&#8221;1.2&#8243;]Clientes [\/vc_column_text][\/vc_column][\/vc_row][vc_row][vc_column][vc_zigzag color=&#8221;white&#8221;][\/vc_column][\/vc_row][vc_row][vc_column][\/vc_column][\/vc_row][vc_row][vc_column width=&#8221;1\/2&#8243;][vc_column_text] SERVICIOS Servicio de Consultor\u00eda Desarrollo de Programas Educativos Innovadores Dise\u00f1o de Contenido adaptados a todos los niveles educativos y audiencias Contenidos y Actividades online Formaci\u00f3n a Formadores [\/vc_column_text][\/vc_column][vc_column&hellip;<\/p>\n","protected":false},"author":1,"featured_media":0,"parent":0,"menu_order":0,"comment_status":"closed","ping_status":"closed","template":"","meta":[],"_links":{"self":[{"href":"https:\/\/aulasteam.com\/gl\/wp-json\/wp\/v2\/pages\/13561"}],"collection":[{"href":"https:\/\/aulasteam.com\/gl\/wp-json\/wp\/v2\/pages"}],"about":[{"href":"https:\/\/aulasteam.com\/gl\/wp-json\/wp\/v2\/types\/page"}],"author":[{"embeddable":true,"href":"https:\/\/aulasteam.com\/gl\/wp-json\/wp\/v2\/users\/1"}],"replies":[{"embeddable":true,"href":"https:\/\/aulasteam.com\/gl\/wp-json\/wp\/v2\/comments?post=13561"}],"version-history":[{"count":232,"href":"https:\/\/aulasteam.com\/gl\/wp-json\/wp\/v2\/pages\/13561\/revisions"}],"predecessor-version":[{"id":14679,"href":"https:\/\/aulasteam.com\/gl\/wp-json\/wp\/v2\/pages\/13561\/revisions\/14679"}],"wp:attachment":[{"href":"https:\/\/aulasteam.com\/gl\/wp-json\/wp\/v2\/media?parent=13561"}],"curies":[{"name":"wp","href":"https:\/\/api.w.org\/{rel}","templated":true}]}}