{"id":8169,"date":"2019-04-18T06:11:31","date_gmt":"2019-04-18T06:11:31","guid":{"rendered":"http:\/\/paolaguimerans.com\/openlab\/?page_id=8169"},"modified":"2022-06-01T12:19:07","modified_gmt":"2022-06-01T10:19:07","slug":"historia","status":"publish","type":"page","link":"https:\/\/aulasteam.com\/fr\/historia\/","title":{"rendered":""},"content":{"rendered":"\n<p class=\"has-text-color\" style=\"font-size:22px;color:#c56798\">Historia Aula STEAM<\/p>\n\n\n\n<p><\/p>\n\n\n\n<p><strong>Desde  2010,  Paola Guimerans trabaja como asesora en innovaci\u00f3n educativa. Como parte de esta  labor participa en el desarrollo de proyectos de innovaci\u00f3n pedag\u00f3gica y  curricular adaptados a la educaci\u00f3n escolar. <\/strong><\/p>\n\n\n\n<p class=\"has-pale-pink-color has-text-color\">2007-2009<\/p>\n\n\n\n<p class=\"has-very-dark-gray-color has-very-light-gray-background-color has-text-color has-background\">Mientras que cursa un MFA en Dise\u00f1o y Tecnolog\u00eda en la Parsons School of Design universidad The New School, Nueva York Paola comienza a trabajar para el proyecto <a href=\"https:\/\/www.newschool.edu\/parsons\/mfa-design-technology\/\">Fashion Technology Lab <\/a>e imparte talleres sobre e-textiles, wearables y paper circuits. <\/p>\n\n\n\n<p class=\"has-pale-pink-color has-text-color\">2010<\/p>\n\n\n\n<p class=\"has-very-light-gray-background-color has-background\">Forma parte del equipo que dise\u00f1a e imparte los contenidos de la asignatura <a href=\"https:\/\/www.researchgate.net\/publication\/321642274_SCRAPYARD_CHALLENGE_AND_SOFT_CIRCUITS_Introducing_Electronic_Hardware_design_and_electronics_to_artists_and_designers_within_an_educational_settings_Published_in_proceedings_of_INTED_2012_6th_Internat?_sg=4jTlw8FsnjjgV8CxmK1xK6hwsdycnRd_H2ziK1PPXO-L2kIaZG5foPQiDS8h3f0FoJUd1lUl2Hl8Q4etF9gEJDgtAySYkVwZVHeV2z4f.rnSRoNRzrTvEbd6LDRXN0nnU0sLvfzLO_8ys280Zx8Ig8erD4tIj_BTyAadoDAO8jwkSEi_rZ2zBik0aE2JYpg\">\u201cSoft Circuits: an exploration of new materials in the context of tangible interface design&#8221;<\/a>.Esta clase tiene como objetivo iniciar a los estudiantes del MFA in Design and Technology en t\u00e9cnicas de fabricaci\u00f3n de e-textiles y nuevos materiales con el fin de facilitarles la entrada a la construcci\u00f3n de sistemas f\u00edsicos interactivos.<\/p>\n\n\n\n<figure class=\"wp-block-gallery columns-2 is-cropped\"><ul class=\"blocks-gallery-grid\"><li class=\"blocks-gallery-item\"><figure><img loading=\"lazy\" width=\"634\" height=\"419\" src=\"https:\/\/aulasteam.com\/wp-content\/uploads\/2019\/12\/Picture-3.png\" alt=\"\" data-id=\"11371\" class=\"wp-image-11371\" srcset=\"https:\/\/aulasteam.com\/wp-content\/uploads\/2019\/12\/Picture-3.png 634w, https:\/\/aulasteam.com\/wp-content\/uploads\/2019\/12\/Picture-3-500x330.png 500w, https:\/\/aulasteam.com\/wp-content\/uploads\/2019\/12\/Picture-3-393x260.png 393w\" sizes=\"(max-width: 634px) 100vw, 634px\" \/><\/figure><\/li><li class=\"blocks-gallery-item\"><figure><img loading=\"lazy\" width=\"409\" height=\"267\" src=\"https:\/\/aulasteam.com\/wp-content\/uploads\/2019\/12\/pao.jpg\" alt=\"\" data-id=\"11373\" data-full-url=\"https:\/\/aulasteam.com\/wp-content\/uploads\/2019\/12\/pao.jpg\" data-link=\"https:\/\/aulasteam.com\/historia\/pao-3\/\" class=\"wp-image-11373\" srcset=\"https:\/\/aulasteam.com\/wp-content\/uploads\/2019\/12\/pao.jpg 409w, https:\/\/aulasteam.com\/wp-content\/uploads\/2019\/12\/pao-398x260.jpg 398w\" sizes=\"(max-width: 409px) 100vw, 409px\" \/><\/figure><\/li><\/ul><\/figure>\n\n\n\n<p class=\"has-very-light-gray-background-color has-background\">Comienza a trabajar para la escuela  <a href=\"https:\/\/www.q2l.org\/\">Quest to Learn.<\/a> En esta escuela forma parte del equipo que imparte y desarrolla los contenidos educativos de un programa que tiene como objetivo ampliar y diversificar la educaci\u00f3n tecnol\u00f3gica y digital, desarrollando nuevas oportunidades curriculares STEAM.  Este programa fu\u00e9 finaciado por la Fundaci\u00f3n de Bill y Melinda Gates . Asimismo, es uno de los primeros casos de estudio en los Estados Unidos del movimiento <a href=\"http:\/\/stemtosteam.org\/\">STEM to STEAM <\/a>liderado por John Maeda (fundador del fundamental Grupo de Computaci\u00f3n y Est\u00e9tica del Medialab del MIT).<\/p>\n\n\n\n<p class=\"has-pale-pink-color has-text-color\">2011<\/p>\n\n\n\n<p class=\"has-very-light-gray-background-color has-background\">En colaboraci\u00f3n con la iniciativa educativa maker <a href=\"http:\/\/htink.org\/about\">HTINK<\/a> participa en la <a href=\"https:\/\/makerfaire.com\/new-york\/\">World Maker Faire New York <\/a> impartiendo talleres de circuitos en papel para todos los p\u00fablicos.<\/p>\n\n\n\n<p class=\"has-very-light-gray-background-color has-background\">Viaja al <a href=\"http:\/\/web.mit.edu\/\">Instituto Tecnol\u00f3gico de Massachusetts MIT <\/a>y participa en el<a href=\"http:\/\/highlowtech.org\/\"> High-low tech<\/a> en diferentes talleres de e-textiles y paper circuits.<\/p>\n\n\n\n<p class=\"has-very-light-gray-background-color has-background\">Su trabajo se expone en la exposici\u00f3n <a href=\"https:\/\/www.dexigner.com\/news\/21917\">Visions in Fashionable Technology <\/a>en el centro Eyebeam Art + Technology Center, NY.<\/p>\n\n\n\n<p class=\"has-pale-pink-color has-text-color\">2012<\/p>\n\n\n\n<p class=\"has-very-light-gray-background-color has-background\">Regreso a Espa\u00f1a y  desde entonces, trabaja como <a href=\"http:\/\/paolaguimerans.com\/teaching\/\">profesora de dise\u00f1o de interacci\u00f3n<\/a> para universidades como el Istituto Europeo di Design (Espa\u00f1a), Institut Sup\u00e9rieure des Arts de Toulouse (Francia) o la American University of Sharjah (Emiratos \u00c1rabes Unidos), entre otras.<\/p>\n\n\n\n<p class=\"has-background\" style=\"background-color:#c0e8d8\">Lanza el proyecto  <a href=\"http:\/\/creativesoftcircuits.com\/\">creativesoftcircuits <\/a>y comienza a impartir talleres introductorios de e-textiles, wearables and paper circuits por toda Espa\u00f1a. El  objetivo de estos talleres es visibilizar la aparici\u00f3n de nuevas oportunidades en la educaci\u00f3n para integrar el Arte por medio de las disciplinas STEM. <\/p>\n\n\n\n<p class=\"has-pale-pink-color has-text-color\">2013<\/p>\n\n\n\n<p class=\"has-background\" style=\"background-color:#e6b3c0\">Lanza  la iniciativa <a href=\"http:\/\/aulasteam.com\/\">Aula STEAM <\/a><\/p>\n\n\n\n<figure class=\"wp-block-gallery columns-2 is-cropped\"><ul class=\"blocks-gallery-grid\"><li class=\"blocks-gallery-item\"><figure><img loading=\"lazy\" width=\"1000\" height=\"667\" src=\"https:\/\/aulasteam.com\/wp-content\/uploads\/2019\/12\/IMG_0133-1000x667.jpg\" alt=\"\" data-id=\"11375\" class=\"wp-image-11375\" srcset=\"https:\/\/aulasteam.com\/wp-content\/uploads\/2019\/12\/IMG_0133-1000x667.jpg 1000w, https:\/\/aulasteam.com\/wp-content\/uploads\/2019\/12\/IMG_0133-500x333.jpg 500w, https:\/\/aulasteam.com\/wp-content\/uploads\/2019\/12\/IMG_0133-768x512.jpg 768w, https:\/\/aulasteam.com\/wp-content\/uploads\/2019\/12\/IMG_0133-1536x1024.jpg 1536w, https:\/\/aulasteam.com\/wp-content\/uploads\/2019\/12\/IMG_0133-2048x1365.jpg 2048w, https:\/\/aulasteam.com\/wp-content\/uploads\/2019\/12\/IMG_0133-665x443.jpg 665w, https:\/\/aulasteam.com\/wp-content\/uploads\/2019\/12\/IMG_0133-390x260.jpg 390w\" sizes=\"(max-width: 1000px) 100vw, 1000px\" \/><\/figure><\/li><li class=\"blocks-gallery-item\"><figure><img loading=\"lazy\" width=\"1000\" height=\"562\" src=\"https:\/\/aulasteam.com\/wp-content\/uploads\/2019\/12\/IMG_0329-1000x562.jpg\" alt=\"\" data-id=\"11376\" data-full-url=\"https:\/\/aulasteam.com\/wp-content\/uploads\/2019\/12\/IMG_0329-scaled.jpg\" data-link=\"https:\/\/aulasteam.com\/historia\/img_0329\/\" class=\"wp-image-11376\" srcset=\"https:\/\/aulasteam.com\/wp-content\/uploads\/2019\/12\/IMG_0329-1000x562.jpg 1000w, https:\/\/aulasteam.com\/wp-content\/uploads\/2019\/12\/IMG_0329-500x281.jpg 500w, https:\/\/aulasteam.com\/wp-content\/uploads\/2019\/12\/IMG_0329-768x431.jpg 768w, https:\/\/aulasteam.com\/wp-content\/uploads\/2019\/12\/IMG_0329-1536x863.jpg 1536w, https:\/\/aulasteam.com\/wp-content\/uploads\/2019\/12\/IMG_0329-2048x1150.jpg 2048w, https:\/\/aulasteam.com\/wp-content\/uploads\/2019\/12\/IMG_0329-665x374.jpg 665w, https:\/\/aulasteam.com\/wp-content\/uploads\/2019\/12\/IMG_0329-463x260.jpg 463w\" sizes=\"(max-width: 1000px) 100vw, 1000px\" \/><\/figure><\/li><\/ul><\/figure>\n\n\n\n<p class=\"has-very-light-gray-background-color has-background\">Presenta sus investigaciones&#8221; <a href=\"https:\/\/makerfaire.com\/mfarchives\/craft-compatible-circuit-building-material-kit-to-teach-non-technical-people-color-theory-and-painting-techniques\/\">Teaching Color Theory and Painting Techniques through Circuitry&#8221; <\/a>en la <a href=\"https:\/\/makerfaire.com\/new-york-2013\/\">Word Maker Faire New York  <\/a>en donde forma parte del panel Make: Education 2013. <\/p>\n\n\n\n<p class=\"has-very-light-gray-background-color has-background\">Imparte la ponencia <a href=\"http:\/\/blog.educalab.es\/intef\/wp-content\/uploads\/sites\/4\/2013\/07\/Ciencia-cultura-y-participaci%C3%B3n.pdf\">\u201cArte, Tecnolog\u00eda y Educaci\u00f3n Creativa\u201d<\/a>  junto al taller de iniciaci\u00f3n a los paper circuits para profesores de educaci\u00f3n secundaria en el marco de los cursos  \u201cCiencia, cultura y participaci\u00f3n\u201d que ofreci\u00f3&nbsp; el Ministerio de  Educaci\u00f3n, Cultura y deporte, en colaboraci\u00f3n con la Universidad  Men\u00e9ndez Pelayo.<a href=\"http:\/\/blog.educalab.es\/intef\/wp-content\/uploads\/sites\/4\/2013\/07\/Ciencia-cultura-y-participaci%C3%B3n.pdf\"> <\/a><\/p>\n\n\n\n<p class=\"has-pale-pink-color has-text-color\">2014<\/p>\n\n\n\n<p class=\"has-very-light-gray-background-color has-background\">Sus investigaciones se recogen en los libros <a href=\"https:\/\/www.sparkfun.com\/products\/13090\">Short Circuits Crafting e-Puppets with DIY Electronics <\/a>y <a href=\"https:\/\/www.sparkfun.com\/products\/13089\">Soft Circuits Crafting e-Fashion with DIY Electronics<\/a>, publicados por MIT Press. Estos libros fueron creados como una gu\u00eda educativa para ayudar a los docentes a incluir actividades de e-textiles en el aula. <\/p>\n\n\n\n<p class=\"has-pale-pink-color has-text-color\">2015<\/p>\n\n\n\n<p class=\"has-very-light-gray-background-color has-background\">Es una de las impulsoras del proyecto<a href=\"https:\/\/es.fashionnetwork.com\/news\/Las-firmas-del-Bilbao-Fashion-Tech-Lab-presentan-sus-primeros-disenos-supertecnologicos,460148.html#.XI62J9F7lE4\"> Bilbao Fashion Tech Lab,<\/a> una iniciativa destinada a crear un ecosistema favorable al uso de las nuevas tecnolog\u00edas vestibles como nicho de oportunidad para el sector de la moda y la tecnolog\u00eda en el Pa\u00eds Vasco.<\/p>\n\n\n\n<figure class=\"wp-block-gallery columns-2 is-cropped\"><ul class=\"blocks-gallery-grid\"><li class=\"blocks-gallery-item\"><figure><img loading=\"lazy\" width=\"698\" height=\"473\" src=\"https:\/\/aulasteam.com\/wp-content\/uploads\/2019\/12\/Screen-Shot-2017-09-20-at-10.02.05-copy.png\" alt=\"\" data-id=\"11378\" class=\"wp-image-11378\" srcset=\"https:\/\/aulasteam.com\/wp-content\/uploads\/2019\/12\/Screen-Shot-2017-09-20-at-10.02.05-copy.png 698w, https:\/\/aulasteam.com\/wp-content\/uploads\/2019\/12\/Screen-Shot-2017-09-20-at-10.02.05-copy-500x339.png 500w, https:\/\/aulasteam.com\/wp-content\/uploads\/2019\/12\/Screen-Shot-2017-09-20-at-10.02.05-copy-665x451.png 665w, https:\/\/aulasteam.com\/wp-content\/uploads\/2019\/12\/Screen-Shot-2017-09-20-at-10.02.05-copy-384x260.png 384w\" sizes=\"(max-width: 698px) 100vw, 698px\" \/><\/figure><\/li><li class=\"blocks-gallery-item\"><figure><img loading=\"lazy\" width=\"1000\" height=\"667\" src=\"https:\/\/aulasteam.com\/wp-content\/uploads\/2019\/12\/paolaguimerans-1-1000x667.jpg\" alt=\"\" data-id=\"11379\" data-full-url=\"https:\/\/aulasteam.com\/wp-content\/uploads\/2019\/12\/paolaguimerans-1-1000x667.jpg\" data-link=\"https:\/\/aulasteam.com\/historia\/paolaguimerans-1-1000x667\/\" class=\"wp-image-11379\" srcset=\"https:\/\/aulasteam.com\/wp-content\/uploads\/2019\/12\/paolaguimerans-1-1000x667.jpg 1000w, https:\/\/aulasteam.com\/wp-content\/uploads\/2019\/12\/paolaguimerans-1-1000x667-500x334.jpg 500w, https:\/\/aulasteam.com\/wp-content\/uploads\/2019\/12\/paolaguimerans-1-1000x667-768x512.jpg 768w, https:\/\/aulasteam.com\/wp-content\/uploads\/2019\/12\/paolaguimerans-1-1000x667-665x444.jpg 665w, https:\/\/aulasteam.com\/wp-content\/uploads\/2019\/12\/paolaguimerans-1-1000x667-390x260.jpg 390w\" sizes=\"(max-width: 1000px) 100vw, 1000px\" \/><\/figure><\/li><\/ul><\/figure>\n\n\n\n<p class=\"has-very-light-gray-background-color has-background\">Forma parte del equipo del proyecto <a href=\"https:\/\/www.eldiario.es\/hojaderouter\/tecnologia\/Circolab-BQ-Victor_Diaz-makers-fabricacion_digital-impresion_3D_0_433606828.html\">CIRCOLAB, <\/a>un Fab Lab itinerante impulsado por la empresa tecnol\u00f3gica espa\u00f1ola BQ en donde fu\u00e9 la encargada de dise\u00f1ar m\u00e1s 50 actividades STEAM.<\/p>\n\n\n\n<p class=\"has-pale-pink-color has-text-color\">2016<\/p>\n\n\n\n<p class=\"has-very-light-gray-background-color has-background\">Sus trabajos se incluyen en el libro <a href=\"https:\/\/www.amazon.es\/Fashion-Technology-Guide-Materials-Applications\/dp\/1501305085\">Fashion and technology: a guide to materials and applications d<\/a>e la editorial Farichild Books de Nueva York.<\/p>\n\n\n\n<p class=\"has-very-light-gray-background-color has-background\">Dise\u00f1a la actividad escolar<a href=\"http:\/\/www.cristobalbalenciagamuseoa.com\/aprende\/escolares\/educacion-secundaria\/\"><strong> <\/strong>\u201cModa y Electr\u00f3nica Creativa\u201d <\/a>para alumnos educaci\u00f3n secundaria del Pa\u00eds Vasco en colaboraci\u00f3n con el programa educativo del Museo Crist\u00f3bal Balenciaga.<\/p>\n\n\n\n<p class=\"has-pale-pink-color has-text-color\"><strong>2017<\/strong><\/p>\n\n\n\n<p class=\"has-very-light-gray-background-color has-background\">Obtiene  su Ph.D. con la tesis \u201c<a href=\"https:\/\/www.researchgate.net\/publication\/321635547_Guimerans_M_Paola_La_tecnologia_como_material_creativo_E-textiles_y_sus_derivaciones_en_el_campo_de_los_artes_visuales_Tesis_Doctoral_UCM_Espana_2017_ISBN_978-84-697-4829-9\/stats\">Tecnolog\u00eda como material creativo: E-textiles y sus derivaciones en el campo de las artes visuales\u201d<\/a>. Este trabajo destaca las grandes posibilidades que el campo de los e-textiles representa para la inclusi\u00f3n de la mujer en el \u00e1mbito tecnol\u00f3gico.<\/p>\n\n\n\n<p class=\"has-background\" style=\"background-color:#86e7ed\">Lanza la plataforma de recursos <a href=\"http:\/\/prototipadolab.com\/\">PrototipadoLAB<\/a>  con la intenci\u00f3n de visibilizar nuevas oportunidades educativas vinculadas a los e-textiles para combatir la brecha de g\u00e9nero en el sector digital y fomentar la presencia femenina en el mundo STEAM.<\/p>\n\n\n\n<p class=\"has-pale-pink-color has-text-color\"><strong>2018<\/strong><\/p>\n\n\n\n<p class=\"has-very-light-gray-background-color has-background\">Publica el paper <a href=\"https:\/\/www.researchgate.net\/publication\/328939308_E-textiles_para_la_formacion_de_profesorado_en_las_areas_STEM?_sg=ezAYraJonoQMguXBBRVwmigzSHnZEDlj8oe0XKSxyhkXsmTHhnEuyDzup8fplao59FNSLGs_uyKJ6BrWhSW3GeMdIMf-cVohc4U7N5jc.EuUlcCAjEo0TWGzECKZQ7LjyM6LrWox_UqVxKPV9Uyf8pDM_WfDKdyN9zQhSIwdB1wABRzavJGuqWLSs113U3w\">E-textiles para la formaci\u00f3n de profesorado en las \u00e1reas STEM <\/a> en la conferencia INNODOCT\/18, International Conference on Innovation, Documentation and Education,Valencia.<\/p>\n\n\n\n<figure class=\"wp-block-gallery columns-2 is-cropped\"><ul class=\"blocks-gallery-grid\"><li class=\"blocks-gallery-item\"><figure><img loading=\"lazy\" width=\"641\" height=\"468\" src=\"https:\/\/aulasteam.com\/wp-content\/uploads\/2019\/12\/Screen-Shot-2019-12-07-at-14.03.25.png\" alt=\"\" data-id=\"11381\" class=\"wp-image-11381\" srcset=\"https:\/\/aulasteam.com\/wp-content\/uploads\/2019\/12\/Screen-Shot-2019-12-07-at-14.03.25.png 641w, https:\/\/aulasteam.com\/wp-content\/uploads\/2019\/12\/Screen-Shot-2019-12-07-at-14.03.25-500x365.png 500w, https:\/\/aulasteam.com\/wp-content\/uploads\/2019\/12\/Screen-Shot-2019-12-07-at-14.03.25-356x260.png 356w\" sizes=\"(max-width: 641px) 100vw, 641px\" \/><\/figure><\/li><li class=\"blocks-gallery-item\"><figure><img loading=\"lazy\" width=\"629\" height=\"433\" src=\"https:\/\/aulasteam.com\/wp-content\/uploads\/2019\/12\/Screen-Shot-2019-12-07-at-14.03.11.png\" alt=\"\" data-id=\"11382\" data-full-url=\"https:\/\/aulasteam.com\/wp-content\/uploads\/2019\/12\/Screen-Shot-2019-12-07-at-14.03.11.png\" data-link=\"https:\/\/aulasteam.com\/historia\/screen-shot-2019-12-07-at-14-03-11\/\" class=\"wp-image-11382\" srcset=\"https:\/\/aulasteam.com\/wp-content\/uploads\/2019\/12\/Screen-Shot-2019-12-07-at-14.03.11.png 629w, https:\/\/aulasteam.com\/wp-content\/uploads\/2019\/12\/Screen-Shot-2019-12-07-at-14.03.11-500x344.png 500w, https:\/\/aulasteam.com\/wp-content\/uploads\/2019\/12\/Screen-Shot-2019-12-07-at-14.03.11-378x260.png 378w\" sizes=\"(max-width: 629px) 100vw, 629px\" \/><\/figure><\/li><\/ul><\/figure>\n\n\n\n<p class=\"has-very-light-gray-background-color has-background\">Participa en las  <a href=\"http:\/\/code.intef.es\/presentacion_intef_guimerans_paola\/\">Jornada INTEF 2018\/ Code Week<\/a>  del Instituto Nacional de Tecnolog\u00edas Educativas y de  Formaci\u00f3n del Profesorado de la unidad del Ministerio de Educaci\u00f3n,  Cultura y Deporte. En estas jornadas explica las posibilidades que ofrecen los e-textiles en el \u00e1mbito educativo  y por que ya se defienden como los nuevos campos para la ense\u00f1anza de la programaci\u00f3n, la rob\u00f3tica y el pensamiento computacional.<\/p>\n\n\n\n<p class=\"has-pale-pink-color has-text-color\"><strong>2019<\/strong><\/p>\n\n\n\n<p class=\"has-very-light-gray-background-color has-background\">Participa en el <a href=\"http:\/\/lavozdel.iespuerto.com\/docentes-y-alumnos-de-cuatro-paises-participan-en-el-encuentro-robotsr-us\">programa europeo Erasmus+ en el  proyecto KA229 Robots R Us.<\/a><\/p>\n\n\n\n<p class=\"has-very-light-gray-background-color has-background\">Imparte diversos talleres de e-textiles y <a href=\"https:\/\/www.edu.xunta.gal\/centros\/cfrpontevedra\/aulavirtual2\/course\/view.php?id=589\">cursos de iniciaci\u00f3n a proyectos STEM <\/a>en el Centro Auton\u00f3mico de Formaci\u00f3n e Innovaci\u00f3n (CAFI) y en distintas escuelas y Centros de Formaci\u00f3n y Recursos (CFR) pertenecientes a la Xunta de Galicia.<\/p>\n\n\n\n<p class=\"has-very-light-gray-background-color has-background\">Es la encargada de dise\u00f1ar e impartir los talleres did\u00e1cticos  STEAM de la exposici\u00f3n <a href=\"https:\/\/www.lavozdegalicia.es\/noticia\/educacion\/2019\/01\/25\/costura-excusa-acercarse-programacion\/00031548428257521409151.htm\">&#8220;Trazos Maestros&#8221;<\/a> en la Fundaci\u00f3n Barri\u00e9.<\/p>\n","protected":false},"excerpt":{"rendered":"<p>Historia Aula STEAM Desde 2010, Paola Guimerans trabaja como asesora en innovaci\u00f3n educativa. Como parte de esta labor participa en el desarrollo de proyectos de innovaci\u00f3n pedag\u00f3gica y curricular adaptados a la educaci\u00f3n escolar. 2007-2009 Mientras que cursa un MFA en Dise\u00f1o y Tecnolog\u00eda en la Parsons School of Design universidad The New School, Nueva&hellip;<\/p>\n","protected":false},"author":1,"featured_media":0,"parent":0,"menu_order":0,"comment_status":"closed","ping_status":"closed","template":"","meta":[],"_links":{"self":[{"href":"https:\/\/aulasteam.com\/fr\/wp-json\/wp\/v2\/pages\/8169"}],"collection":[{"href":"https:\/\/aulasteam.com\/fr\/wp-json\/wp\/v2\/pages"}],"about":[{"href":"https:\/\/aulasteam.com\/fr\/wp-json\/wp\/v2\/types\/page"}],"author":[{"embeddable":true,"href":"https:\/\/aulasteam.com\/fr\/wp-json\/wp\/v2\/users\/1"}],"replies":[{"embeddable":true,"href":"https:\/\/aulasteam.com\/fr\/wp-json\/wp\/v2\/comments?post=8169"}],"version-history":[{"count":81,"href":"https:\/\/aulasteam.com\/fr\/wp-json\/wp\/v2\/pages\/8169\/revisions"}],"predecessor-version":[{"id":42398,"href":"https:\/\/aulasteam.com\/fr\/wp-json\/wp\/v2\/pages\/8169\/revisions\/42398"}],"wp:attachment":[{"href":"https:\/\/aulasteam.com\/fr\/wp-json\/wp\/v2\/media?parent=8169"}],"curies":[{"name":"wp","href":"https:\/\/api.w.org\/{rel}","templated":true}]}}