{"id":43,"date":"2015-01-16T22:02:10","date_gmt":"2015-01-16T22:02:10","guid":{"rendered":"http:\/\/totaltheme.wpengine.com\/portfolio\/?page_id=43"},"modified":"2023-10-18T11:34:11","modified_gmt":"2023-10-18T09:34:11","slug":"etextiles_educacion","status":"publish","type":"page","link":"https:\/\/aulasteam.com\/en\/etextiles_educacion\/","title":{"rendered":"Aula STEAM"},"content":{"rendered":"[vc_row full_width=&#8221;stretch_row&#8221; remove_bottom_col_margin=&#8221;true&#8221; bg_style=&#8221;stretch&#8221; css=&#8221;.vc_custom_1586625603192{padding-top: 60px !important;padding-bottom: 60px !important;background-color: #6db2bc !important;}&#8221;][vc_column][vc_column_text]\n<blockquote><p><span style=\"font-size: 18px; color: #ffffff;\"><img loading=\"lazy\" class=\"wp-image-15519 alignleft\" src=\"https:\/\/aulasteam.com\/wp-content\/uploads\/2020\/05\/paolin.gif\" alt=\"\" width=\"170\" height=\"172\" \/>Los e-textiles, conocidos como wearables, textiles inteligentes, electr\u00f3nica vestible DIY o soft circuits, aunque son poco conocidos en el contexto educativo espa\u00f1ol, forman parte de la educaci\u00f3n innovadora del siglo XXI.<\/span><\/p><\/blockquote>\n<p><span style=\"color: #ffffff;\"><em>\u00a0\u00a0\u00a0\u00a0\u00a0\u00a0\u00a0\u00a0\u00a0\u00a0 &#8211; Paola Guimer<span class=\"aCOpRe\">\u00e1<\/span>ns, Fundadora Aula STEAM. Jornada Code Week 2018 en el INTEF.<\/em><\/span><\/p>\n[\/vc_column_text]<div class=\"vcex-spacing\" style=\"height:2px\"><\/div>[\/vc_column][\/vc_row][vc_row][vc_column][vc_empty_space][vc_zigzag color=&#8221;white&#8221;][vc_column_text color=&#8221;&#8221; font_size=&#8221;&#8221; line_height=&#8221;&#8221; letter_spacing=&#8221;&#8221; responsive_text_min_max=&#8221;&#8221;]\n<h3><strong><span style=\"color: #008080;\"><span style=\"font-size: 24px;\">E-textiles : Nuevos campos <\/span>para la ense\u00f1anza de la rob\u00f3tica educativa y el arte<\/span><\/strong><\/h3>\n<p><span style=\"font-weight: 400;\">La rob\u00f3tica educativa es una disciplina concebida para que l@s estudiantes <\/span><b>se inicien desde edades muy tempranas en la rob\u00f3tica y la programaci\u00f3n de forma interactiva. <\/b><span style=\"font-weight: 400;\">Para lograrlo, dise\u00f1an robots y los construyen a trav\u00e9s del juego,\u00a0 a la vez que aprenden programaci\u00f3n. Esta disciplina cada vez tiene una\u00a0 mayor presencia en las aulas por<\/span><b> sus importantes beneficios para el alumnado<\/b><span style=\"font-weight: 400;\"> &#8211; fomenta el trabajo en equipo y la creatividad, ayuda a que desarrollen el pensamiento cr\u00edtico, refuerza su autoestima- y permite adquirir nuevos conocimientos como el pensamiento computacional mientras se divierte.<\/span><\/p>\n<p><span style=\"font-weight: 400;\">Actualmente, existen en el mercado diferentes <\/span><i><span style=\"font-weight: 400;\">kits<\/span><\/i><span style=\"font-weight: 400;\"> de rob\u00f3tica que se utilizan en la rob\u00f3tica educativa. Si bien los m\u00e1s populares tienen forma de &#8220;robot&#8221; existen otros modelos como los &#8220;<\/span><b>kits de textiles electr\u00f3nicos (e-textiles) &#8220;<\/b><span style=\"font-weight: 400;\"> que incluyen los mismos componentes electr\u00f3nicos que el kit de rob\u00f3tica\u00a0 junto a novedoso materiales como un hilo conductor de electricidad y que est\u00e1n dise\u00f1ados para este mismo fin.<\/span><\/p>\n<p><span style=\"font-weight: 400;\"><img loading=\"lazy\" class=\"aligncenter wp-image-42169 size-full\" src=\"https:\/\/aulasteam.com\/wp-content\/uploads\/2021\/09\/Screen-Shot-2021-09-15-at-18.37.24.png\" alt=\"\" width=\"724\" height=\"198\" srcset=\"https:\/\/aulasteam.com\/wp-content\/uploads\/2021\/09\/Screen-Shot-2021-09-15-at-18.37.24.png 724w, https:\/\/aulasteam.com\/wp-content\/uploads\/2021\/09\/Screen-Shot-2021-09-15-at-18.37.24-500x137.png 500w\" sizes=\"(max-width: 724px) 100vw, 724px\" \/><img loading=\"lazy\" class=\"wp-image-42153 size-full aligncenter\" src=\"https:\/\/aulasteam.com\/wp-content\/uploads\/2021\/09\/Screen-Shot-2021-09-15-at-18.39.15.png\" alt=\"\" width=\"746\" height=\"330\" srcset=\"https:\/\/aulasteam.com\/wp-content\/uploads\/2021\/09\/Screen-Shot-2021-09-15-at-18.39.15.png 746w, https:\/\/aulasteam.com\/wp-content\/uploads\/2021\/09\/Screen-Shot-2021-09-15-at-18.39.15-500x221.png 500w\" sizes=\"(max-width: 746px) 100vw, 746px\" \/><\/span><\/p>\n<p><span style=\"font-weight: 400;\">En el a\u00f1o 2006 la ingenier\u00eda y creativa\u00a0 <\/span><span style=\"color: #993366;\"><a style=\"color: #993366;\" href=\"https:\/\/en.wikipedia.org\/wiki\/Leah_Buechley\"><span style=\"font-weight: 400;\">Leah Buechley<\/span><\/a><\/span><span style=\"font-weight: 400;\"> dise\u00f1a e<\/span><span style=\"font-weight: 400;\">l kit de\u00a0 e-textiles Lilypad Arduino con el objetivo de crear un sistema an\u00e1logo al kit de rob\u00f3tica <\/span><span style=\"font-weight: 400;\">Lego Mindstorms. Su intenci\u00f3n al comercializar este kit en 2007 era proporcionar otro medio que pudiera atraer a diferentes usuarios a interesarse por la disciplina de la rob\u00f3tica educativa, creando el lugar de un robot, un proyecto de e-textiles o tecnolog\u00eda vestible.<\/span><\/p>\n<p style=\"padding-left: 200px;\"><iframe title=\"YouTube video player\" src=\"https:\/\/www.youtube.com\/embed\/JJD29Mtuso0\" width=\"560\" height=\"315\" frameborder=\"0\" allowfullscreen=\"allowfullscreen\"><\/iframe><\/p>\n<p><span style=\"font-weight: 400;\">Esta situaci\u00f3n provocar\u00e1 que materiales b\u00e1sicos necesarios para integrar la electr\u00f3nica en textiles como es el hilo conductor de electricidad que ya exist\u00edan desde hace m\u00e1s de 1000 a\u00f1os, comiencen a tener m\u00e1s uso y demanda. Tambi\u00e9n, que comiencen a proliferar nuevos kits aptos para el \u00e1mbito de los e-textiles, como por ejemplo la placa Circuits Playground Express, Kitronik&#8230; o para el \u00e1mbito de los circuitos en papel, como el kits Chibitronics.<\/span><\/p>\n<p>&nbsp;<\/p>\n<p><img loading=\"lazy\" class=\"wp-image-42172 aligncenter\" src=\"https:\/\/aulasteam.com\/wp-content\/uploads\/2021\/09\/KITEDUCATIVO-scaled.jpg\" alt=\"\" width=\"629\" height=\"440\" srcset=\"https:\/\/aulasteam.com\/wp-content\/uploads\/2021\/09\/KITEDUCATIVO-scaled.jpg 2560w, https:\/\/aulasteam.com\/wp-content\/uploads\/2021\/09\/KITEDUCATIVO-500x350.jpg 500w, https:\/\/aulasteam.com\/wp-content\/uploads\/2021\/09\/KITEDUCATIVO-1000x699.jpg 1000w, https:\/\/aulasteam.com\/wp-content\/uploads\/2021\/09\/KITEDUCATIVO-768x537.jpg 768w, https:\/\/aulasteam.com\/wp-content\/uploads\/2021\/09\/KITEDUCATIVO-1536x1074.jpg 1536w, https:\/\/aulasteam.com\/wp-content\/uploads\/2021\/09\/KITEDUCATIVO-2048x1432.jpg 2048w\" sizes=\"(max-width: 629px) 100vw, 629px\" \/><\/p>\n<h3><span style=\"color: #008080; font-size: 24px;\"><strong>E-textiles\u00a0 y el aprendizaje STEAM<\/strong><\/span><\/h3>\n<p><span style=\"font-weight: 400;\">Los kits\u00a0 de e-textiles, al igual que los kits de rob\u00f3tica educativa\u00a0 est\u00e1n dise\u00f1ados para utilizarse en la metodolog\u00eda de educaci\u00f3n STEAM. El t\u00e9rmino STEAM es el acr\u00f3nimo de ciencia (Science), tecnolog\u00eda (Technology), ingenier\u00eda (Engineering), arte (Art) y matem\u00e1ticas (Mathematics) y representa una variante de la educaci\u00f3n STEM que tambi\u00e9n presta atenci\u00f3n al aspecto creativo y art\u00edstico . Este nuevo tipo de metodolog\u00eda busca que el alumnado trabaje las habilidades y competencias que demanda el siglo XXI desde la experimentaci\u00f3n y el descubrimiento. De\u00a0 hecho, el modelo STEAM es un modo de aprender basado en resolver problemas, hacer preguntas y buscar respuestas nuevas. Por ello,\u00a0 crear un proyecto de e-textiles o de circuitos en papel\u00a0 y programarlo es un buen ejemplo de proyecto STEAM. <\/span>[\/vc_column_text][\/vc_column][\/vc_row][vc_row][vc_column width=&#8221;1\/4&#8243;][vc_single_image image=&#8221;15163&#8243;][\/vc_column][vc_column width=&#8221;3\/4&#8243;][vc_column_text]<span style=\"font-weight: 400;\">En los \u00faltimos a\u00f1os, numerosos estudios han confirmado que las aplicaciones de los e-textiles y la tecnolog\u00eda vestible en el campo de la educaci\u00f3n :<\/span><\/p>\n<ul>\n<li>Es adecuado para <strong>aprender electr\u00f3nica<\/strong> dende cero.<\/li>\n<li>Constituyen por s\u00ed mismos y por sus <strong>conexiones con el dise\u00f1o<\/strong> <strong>una puerta abierta a la expresi\u00f3n art\u00edstica y a explorar nuevos materiales.<\/strong><\/li>\n<li><strong>Rompen con la divisi\u00f3n tradicional de g\u00e9nero<\/strong> al vincular textiles y tecnolog\u00eda.<\/li>\n<li>Resulta m\u00e1s a atractivos a <strong>colectivos y minor\u00edas que han estado ausentes en las \u00e1reas STEM.<\/strong><\/li>\n<li>Es una forma nueva y divertida de que el alumno\/a investigue conceptos en la frontera entre <strong>Arte, Ciencia y Tecnolog\u00eda. <\/strong><strong><br \/>\n<\/strong><\/li>\n<li>Fomenta<strong> inter\u00e9s de los y las estudiantes en la inform\u00e1tica y la programaci\u00f3n.<br \/>\n<\/strong><\/li>\n<li>E-textiles para <strong>trabajar en el aula desde<\/strong> <strong>edades m\u00e1s tempranas el pensamiento computacional.<\/strong><\/li>\n<li>Es un enfoque es adecuado para<strong> reducir la curva de aprendizaje abrupta que a menudo ofrece el uso de la tecnolog\u00eda<\/strong><\/li>\n<li>Ese un nuevo enfoque educativo que\u00a0 <strong>ampliar y diversificar la educaci\u00f3n tecnol\u00f3gica y digital.<\/strong><\/li>\n<\/ul>\n[\/vc_column_text][\/vc_column][\/vc_row][vc_row][vc_column][vc_column_text]\n<h2 style=\"text-align: center;\"><strong>Procesos creativos que trabajamos incorporando proyectos de E-textiles en el aula<br \/>\n<\/strong><\/h2>\n[\/vc_column_text][\/vc_column][\/vc_row][vc_row][vc_column width=&#8221;1\/5&#8243;]<div class=\"vcex-module vcex-icon-box clr vcex-icon-box-two textcenter\"><img width=\"82\" height=\"86\" src=\"https:\/\/aulasteam.com\/wp-content\/uploads\/2020\/04\/Screen-Shot-2020-04-28-at-16.31.00.png\" class=\"vcex-icon-box-image\" alt=\"\" loading=\"lazy\" \/><h2 class=\"vcex-icon-box-heading heading-typography\" style=\"font-weight:700;font-size:14px;\">Dise\u00f1o de Interacci\u00f3n<\/h2><div class=\"vcex-icon-box-content clr\"><p style=\"text-align: left;\">Conocer c\u00f3mo funciona la interacci\u00f3n entre personas y m\u00e1quinas, cu\u00e1les son los principios fundamentales que gu\u00edan el dise\u00f1o centrado en las personas .<\/p>\n<\/div><\/div>[\/vc_column][vc_column width=&#8221;1\/5&#8243;]<div class=\"vcex-module vcex-icon-box clr vcex-icon-box-two textcenter\"><img width=\"94\" height=\"87\" src=\"https:\/\/aulasteam.com\/wp-content\/uploads\/2020\/04\/Screen-Shot-2020-04-29-at-14.33.14-1.png\" class=\"vcex-icon-box-image\" alt=\"\" loading=\"lazy\" \/><h2 class=\"vcex-icon-box-heading heading-typography\" style=\"font-weight:700;font-size:14px;\">Programaci\u00f3n<\/h2><div class=\"vcex-icon-box-content clr\"><p style=\"text-align: left;\">En el aprendizaje de la programaci\u00f3n, a trav\u00e9s de la realizaci\u00f3n de proyectos, se trabajan competencias educativas que fomentan la creatividad tecnol\u00f3gica y las STEAM.<\/p>\n<\/div><\/div>[\/vc_column][vc_column width=&#8221;1\/5&#8243;]<div class=\"vcex-module vcex-icon-box clr vcex-icon-box-two textcenter\"><img width=\"107\" height=\"90\" src=\"https:\/\/aulasteam.com\/wp-content\/uploads\/2020\/05\/Screen-Shot-2020-05-19-at-12.59.39-1.png\" class=\"vcex-icon-box-image\" alt=\"\" loading=\"lazy\" \/><h2 class=\"vcex-icon-box-heading heading-typography\" style=\"font-weight:700;font-size:14px;\">Prototipado Electr\u00f3nico<\/h2><div class=\"vcex-icon-box-content clr\"><p style=\"text-align: left;\"><span class=\"st\">El dise\u00f1o y la construcci\u00f3n de <em>prototipos electr\u00f3nicos <\/em>para aplicaciones tecnol\u00f3gicas.<br \/>\n<\/span><\/p>\n<\/div><\/div>[\/vc_column][vc_column width=&#8221;1\/5&#8243;]<div class=\"vcex-module vcex-icon-box clr vcex-icon-box-two textcenter\"><img width=\"93\" height=\"88\" src=\"https:\/\/aulasteam.com\/wp-content\/uploads\/2020\/05\/Screen-Shot-2020-05-19-at-13.02.09-1.png\" class=\"vcex-icon-box-image\" alt=\"\" loading=\"lazy\" \/><h2 class=\"vcex-icon-box-heading heading-typography\" style=\"font-weight:700;font-size:14px;\">Dise\u00f1o de ingenier\u00eda<\/h2><div class=\"vcex-icon-box-content clr\"><p style=\"text-align: left;\">Introducci\u00f3n\u00a0 al\u00a0 proceso de dise\u00f1o de ingenier\u00eda. -engineering design process- que es de gran importancia para estructurar pasos l\u00f3gicos para conseguir un dise\u00f1o \u00f3ptimo de un producto<\/p>\n<\/div><\/div>[\/vc_column][vc_column width=&#8221;1\/5&#8243;]<div class=\"vcex-module vcex-icon-box clr vcex-icon-box-two textcenter\"><img width=\"108\" height=\"90\" src=\"https:\/\/aulasteam.com\/wp-content\/uploads\/2020\/05\/Screen-Shot-2020-05-19-at-13.04.07-1.png\" class=\"vcex-icon-box-image\" alt=\"\" loading=\"lazy\" \/><h2 class=\"vcex-icon-box-heading heading-typography\" style=\"font-weight:700;font-size:14px;\">Dise\u00f1o Iterativo<\/h2><div class=\"vcex-icon-box-content clr\"><p style=\"text-align: left;\">El dise\u00f1o iterativo &#8211;\u00a0 Iterative design-\u00a0 se basa en un proceso continuo de experimentaci\u00f3n, prueba y evaluaci\u00f3n.<\/p>\n<\/div><\/div>[\/vc_column][\/vc_row][vc_row][vc_column][vc_column_text]\n<h2 style=\"text-align: left;\"><strong>Lecturas &#038; Recursos<br \/>\n<\/strong><\/h2>\n[\/vc_column_text][vc_empty_space][vc_column_text]\n<div class=\"padlet-embed\" style=\"border: 1px solid rgba(0,0,0,0.1); border-radius: 2px; box-sizing: border-box; overflow: hidden; position: relative; width: 100%; background: #F4F4F4;\">\n<p style=\"padding: 0; margin: 0;\"><iframe style=\"width: 100%; height: 608px; display: block; padding: 0; margin: 0;\" src=\"https:\/\/padlet.com\/embed\/kz02kr35hs10o06f\" frameborder=\"0\"><\/iframe><\/p>\n<div style=\"padding: 8px; text-align: right; margin: 0;\"><a style=\"padding: 0; margin: 0; border: none; display: block; line-height: 1; height: 16px;\" href=\"https:\/\/padlet.com?ref=embed\" target=\"_blank\" rel=\"noopener noreferrer\"><img loading=\"lazy\" style=\"padding: 0; margin: 0; background: none; border: none; display: inline; box-shadow: none;\" src=\"https:\/\/padlet.net\/embeds\/made_with_padlet.png\" alt=\"Hecho con Padlet\" width=\"66\" height=\"16\" \/><\/a><\/div>\n<\/div>\n[\/vc_column_text][vc_column_text][\/vc_column_text][\/vc_column][\/vc_row][vc_row full_width=&#8221;stretch_row&#8221; remove_bottom_col_margin=&#8221;true&#8221; bg_style=&#8221;stretch&#8221; css=&#8221;.vc_custom_1517699237330{padding-top: 60px !important;padding-bottom: 60px !important;background-color: #f5f5f5 !important;}&#8221;][vc_column]<h3 class=\"vcex-module vcex-heading vcex-heading-plain\" style=\"color:#c9c7bd;font-size:24px;font-weight:400;text-align:center;\"><span class=\"vcex-heading-inner clr\">Para cualquier consulta, puedes ponerte en contacto conmigo a trav\u00e9s de este correo electr\u00f3nico pguimerans@gmail.com o en las redes sociales. Intentar\u00e9 contestar en la mayor brevedad posible. Muchas gracias por tu inter\u00e9s.<\/span><\/h3><div class=\"vcex-spacing\" style=\"height:40px\"><\/div>[\/vc_column][\/vc_row]\n","protected":false},"excerpt":{"rendered":"<p>[vc_row full_width=&#8221;stretch_row&#8221; remove_bottom_col_margin=&#8221;true&#8221; bg_style=&#8221;stretch&#8221; css=&#8221;.vc_custom_1586625603192{padding-top: 60px !important;padding-bottom: 60px !important;background-color: #6db2bc !important;}&#8221;][vc_column][vc_column_text] Los e-textiles, conocidos como wearables, textiles inteligentes, electr\u00f3nica vestible DIY o soft circuits, aunque son poco conocidos en el contexto educativo espa\u00f1ol, forman parte de la educaci\u00f3n innovadora del siglo XXI. \u00a0\u00a0\u00a0\u00a0\u00a0\u00a0\u00a0\u00a0\u00a0\u00a0 &#8211; Paola Guimer\u00e1ns, Fundadora Aula STEAM. Jornada Code Week 2018 en el&hellip;<\/p>\n","protected":false},"author":1,"featured_media":0,"parent":0,"menu_order":0,"comment_status":"closed","ping_status":"closed","template":"","meta":[],"_links":{"self":[{"href":"https:\/\/aulasteam.com\/en\/wp-json\/wp\/v2\/pages\/43"}],"collection":[{"href":"https:\/\/aulasteam.com\/en\/wp-json\/wp\/v2\/pages"}],"about":[{"href":"https:\/\/aulasteam.com\/en\/wp-json\/wp\/v2\/types\/page"}],"author":[{"embeddable":true,"href":"https:\/\/aulasteam.com\/en\/wp-json\/wp\/v2\/users\/1"}],"replies":[{"embeddable":true,"href":"https:\/\/aulasteam.com\/en\/wp-json\/wp\/v2\/comments?post=43"}],"version-history":[{"count":363,"href":"https:\/\/aulasteam.com\/en\/wp-json\/wp\/v2\/pages\/43\/revisions"}],"predecessor-version":[{"id":42462,"href":"https:\/\/aulasteam.com\/en\/wp-json\/wp\/v2\/pages\/43\/revisions\/42462"}],"wp:attachment":[{"href":"https:\/\/aulasteam.com\/en\/wp-json\/wp\/v2\/media?parent=43"}],"curies":[{"name":"wp","href":"https:\/\/api.w.org\/{rel}","templated":true}]}}