{"id":171,"date":"2014-09-07T22:27:23","date_gmt":"2014-09-07T22:27:23","guid":{"rendered":"http:\/\/wp.dev\/total-business-1\/?page_id=171"},"modified":"2021-09-15T23:34:13","modified_gmt":"2021-09-15T21:34:13","slug":"servicios_aulasteam","status":"publish","type":"page","link":"https:\/\/aulasteam.com\/de\/servicios_aulasteam\/","title":{"rendered":"Servicios"},"content":{"rendered":"[vc_row full_width=&#8220;stretch_row&#8220; css=&#8220;.vc_custom_1589905072257{padding-top: 20px !important;background-color: #f1f1f4 !important;}&#8220;][vc_column]<div class=\"vcex-spacing\" style=\"height:2px\"><\/div>[\/vc_column][\/vc_row][vc_row][vc_column][vc_zigzag color=&#8220;white&#8220;][\/vc_column][\/vc_row][vc_row][vc_column][vc_zigzag color=&#8220;white&#8220;][vc_text_separator title=&#8220;FORMACION DE PROFESORADO Y ALUMNADO&#8220; color=&#8220;custom&#8220; border_width=&#8220;3&#8243; accent_color=&#8220;#f450b7&#8243;][vc_zigzag color=&#8220;white&#8220;][\/vc_column][\/vc_row][vc_row][vc_column width=&#8220;1\/2&#8243; css=&#8220;.vc_custom_1587734110771{padding-top: 20px !important;}&#8220;][vc_single_image image=&#8220;42199&#8243;][\/vc_column][vc_column width=&#8220;1\/2&#8243;][vc_column_text]<span style=\"color: #d46eab; font-size: 36px;\"><strong>Formaci\u00f3n docente\u00a0\u00a0\u00a0<\/strong><\/span>[\/vc_column_text][vc_column_text]<span style=\"color: #808080;\"><strong>Profesorado de todas las etapas educativas\u00a0<\/strong> <\/span><\/p>\n<p><span style=\"color: #333333; font-size: 17px;\"><span class=\"aCOpRe\">\u00bf<\/span>C\u00f3mo desarrollar en aula el enfoque STEAM? Transforma tu pr\u00e1ctica docente<\/span><\/p>\n<p><span style=\"color: #333333; font-size: 17px;\">Si eres docente y quieres fortalecer las STEAM de tu alumnado ense\u00f1ando E-textiles, Programaci\u00f3n y Electr\u00f3nica ofrezco al profesorado cursos, talleres y formaci\u00f3n . Esta formaci<span class=\"st\">\u00f3<\/span>n se<span class=\"st\"> dirige a la adquisici\u00f3n, desarrollo, reconocimiento y mejora de\u00a0<\/span> las habilidades y competencias b\u00e1sicas del Marco de Competencia Digital Docente y STEM\/STEAM.<\/span>[\/vc_column_text][vc_zigzag color=&#8220;white&#8220;]<a href=\"https:\/\/aulasteam.com\/actividades-impartidas\/\" class=\"vcex-button theme-button inline animate-on-hover\" style=\"background:#f495d1;\"><span class=\"theme-button-inner\">Consultar cursos impartidos<\/span><\/a> [\/vc_column][\/vc_row][vc_row][vc_column][vc_zigzag color=&#8220;white&#8220;][\/vc_column][\/vc_row][vc_row][vc_column width=&#8220;1\/2&#8243;][vc_single_image image=&#8220;15022&#8243;][\/vc_column][vc_column width=&#8220;1\/2&#8243;][vc_column_text]<span style=\"color: #d46eab; font-size: 36px;\"><strong>Formaci\u00f3n Alumnado<\/strong><\/span>[\/vc_column_text][vc_column_text]<span style=\"color: #808080;\"><strong>Infantil ( 3 a 6 a\u00f1os ) <span style=\"font-family: Lato;\">I<\/span> Primaria ( 6 a 12 a\u00f1os) <span style=\"font-family: Lato;\">I<\/span> Secundaria ( +12)<\/strong><\/span><\/p>\n<p><span style=\"color: #333333; font-size: 17px;\">M\u00e1s all\u00e1 de formar a profesionales del futuro a las nuevas exigencias del mercado laboral, el aprendizaje de los E-textiles y la Programaci\u00f3n tiene otras muchas ventajas para el desarrollo de las habilidades de nuestros alumnos y alumnas : fomenta competencias educativas b\u00e1sicas para la ciudadan\u00eda digital. Se trata de participar activamente en el aprendizaje, probando, pensando, equivoc\u00e1ndose y aprendiendo.<\/span>[\/vc_column_text][vc_zigzag color=&#8220;white&#8220;]<a href=\"https:\/\/aulasteam.com\/actividades-impartidas\/\" class=\"vcex-button theme-button inline animate-on-hover\" style=\"background:#f495d1;\"><span class=\"theme-button-inner\">Consultar actividades impartidas<\/span><\/a> [\/vc_column][\/vc_row][vc_row][vc_column][vc_zigzag color=&#8220;white&#8220;][vc_zigzag color=&#8220;white&#8220;][vc_text_separator title=&#8220;PROGRAMAS Y CONTENIDOS EDUCATIVOS&#8220; color=&#8220;custom&#8220; border_width=&#8220;3&#8243; accent_color=&#8220;#519ba6&#8243;][vc_zigzag color=&#8220;white&#8220;][vc_zigzag color=&#8220;white&#8220;][\/vc_column][\/vc_row][vc_row][vc_column width=&#8220;1\/2&#8243;][vc_single_image image=&#8220;15033&#8243;][\/vc_column][vc_column width=&#8220;1\/2&#8243;][vc_column_text]<span style=\"font-size: 32px; color: #519ba6;\"><strong><span class=\"st\">Dise\u00f1o de programas Educativos STEAM<br \/>\n<\/span><\/strong><\/span><\/p>\n[\/vc_column_text][vc_column_text]<strong><span class=\"st\"><span style=\"color: #808080;\">Proyectos educativos y Metodolog\u00edas innovadoras\u00a0\u00a0<\/span> <\/span><\/strong><\/p>\n<p><span style=\"font-size: 17px;\">STEAM es una nueva tendencia educativa que promete arraigarse en los centros educativos en un futuro pr\u00f3ximo. Puedo ayudarte a crear una experiencia \u00fanica educativa con actividades y talleres para todos los <span class=\"st\">p\u00fablicos. Asesoro, evaluo y dise\u00f1o a\u00a0 empresas privadas e instituciones planes de acci\u00f3n para sacar el mayor partido de la innovaci\u00f3n educativa.<\/span><\/span>[\/vc_column_text][vc_zigzag color=&#8220;white&#8220;]<a href=\"https:\/\/aulasteam.com\/clientes\/\" class=\"vcex-button theme-button inline animate-on-hover\" style=\"background:#6abecc;\"><span class=\"theme-button-inner\">Consultar proyectos <\/span><\/a> [\/vc_column][\/vc_row][vc_row][vc_column][vc_zigzag color=&#8220;white&#8220;][\/vc_column][\/vc_row][vc_row][vc_column width=&#8220;1\/2&#8243;][vc_single_image image=&#8220;15191&#8243;][\/vc_column][vc_column width=&#8220;1\/2&#8243;][vc_column_text]<span style=\"font-size: 32px; color: #008080;\"><strong><span class=\"st\"><span style=\"color: #519ba6;\">Contenidos Educativos STEAM<\/span><br \/>\n<\/span><\/strong><\/span>[\/vc_column_text][vc_column_text]<span style=\"color: #808080;\"><strong>Dise<span class=\"st\">\u00f1<\/span>o de c<\/strong><\/span><span class=\"st\"><span style=\"color: #808080;\"><strong>ontenido adaptados a los niveles educativos<\/strong><\/span><br \/>\n<\/span><\/p>\n<p><span style=\"font-size: 17px;\">Desarrollo contenidos educativos STEAM propios desde hace varios a\u00f1os. Me adapto a todos los niveles formativos\u00a0 y dise<span class=\"st\">\u00f1<\/span>o contenidos de innovaci\u00f3n pedag\u00f3gica y curricular relacionados con el area de los E-textiles y la Programaci\u00f3n.<\/span><\/p>\n<p><span style=\"color: #ffffff;\">.<\/span>[\/vc_column_text][vc_zigzag color=&#8220;white&#8220;]<a href=\"https:\/\/aulasteam.com\/clientes\/\" class=\"vcex-button theme-button inline animate-on-hover\" style=\"background:#6abecc;\"><span class=\"theme-button-inner\">Consultar contenidos educativos <\/span><\/a> [\/vc_column][\/vc_row][vc_row][vc_column][vc_zigzag color=&#8220;white&#8220;][vc_zigzag color=&#8220;white&#8220;][vc_text_separator title=&#8220;CONFERENCIAS Y TALLERES PARA TODOS LOS PUBLICOS&#8220; color=&#8220;custom&#8220; border_width=&#8220;3&#8243; accent_color=&#8220;#d1ab11&#8243;][vc_zigzag color=&#8220;white&#8220;][vc_zigzag color=&#8220;white&#8220;][\/vc_column][\/vc_row][vc_row][vc_column width=&#8220;1\/2&#8243;][vc_single_image image=&#8220;15508&#8243;][\/vc_column][vc_column width=&#8220;1\/2&#8243;][vc_column_text]<strong><span class=\"st\" style=\"font-size: 32px;\"><span style=\"color: #d1ab11;\">Conferencias y Talleres STEAM<br \/>\n<\/span><\/span><\/strong>[\/vc_column_text][vc_column_text]<strong>Talleres y conferencias en \u00e1mbito educativo<\/strong><\/p>\n<p><span style=\"font-size: 17px;\">Me apasiona hablar de todo lo que tenga que ver con innovaci\u00f3n educativa. Desde hace una d\u00e9cada imparto conferencias y talleres a nivel nacional e internacional, y abordo el\u00a0 impacto del\u00a0 Movimento Maker en la Educaci\u00f3n y\u00a0 el potencial de los E-textiles en el \u00e1mbito escolar.<\/span><\/p>\n<p><span style=\"color: #ffffff;\">.<\/span>[\/vc_column_text][vc_zigzag color=&#8220;white&#8220;]<a href=\"https:\/\/aulasteam.com\/category\/congresos-educacion\/\" class=\"vcex-button theme-button inline animate-on-hover\" style=\"background:#d1bc6a;\"><span class=\"theme-button-inner\">CONSULTAR CONFERENCIAS <\/span><\/a> [\/vc_column][\/vc_row][vc_row][vc_column][vc_zigzag color=&#8220;white&#8220;][vc_zigzag color=&#8220;white&#8220;][\/vc_column][\/vc_row][vc_row full_width=&#8220;stretch_row&#8220; content_placement=&#8220;bottom&#8220; css=&#8220;.vc_custom_1489540632721{padding-top: 40px !important;background-color: #f1f1f4 !important;}&#8220;][vc_column width=&#8220;3\/4&#8243;][vc_column_text]<span style=\"font-size: 21px; color: #808080;\">Para cualquier consulta, puedes ponerte en contacto conmigo <\/span><\/p>\n<p><span style=\"font-size: 21px; color: #808080;\">a trav\u00e9s de este correo electr\u00f3nico <strong>pguimerans@gmail.com<\/strong><\/span>[\/vc_column_text][\/vc_column][vc_column width=&#8220;1\/4&#8243;]<div class=\"theme-button-expanded-wrap theme-button-wrap clr\"><a href=\"https:\/\/aulasteam.com\/home-4\/\" title=\"Learn More\" class=\"vcex-button theme-button flat teal align-left expanded animate-on-hover expanded\" style=\"background:#519ba6;font-size:16px;font-weight:400;\" data-wpex-hover='{&quot;background&quot;:&quot;#68798e&quot;}'><span class=\"theme-button-inner\">CURSOS ONLINE<\/span><\/a><\/div> [\/vc_column][\/vc_row]\n","protected":false},"excerpt":{"rendered":"<p>[vc_row full_width=&#8220;stretch_row&#8220; css=&#8220;.vc_custom_1589905072257{padding-top: 20px !important;background-color: #f1f1f4 !important;}&#8220;][vc_column][\/vc_column][\/vc_row][vc_row][vc_column][vc_zigzag color=&#8220;white&#8220;][\/vc_column][\/vc_row][vc_row][vc_column][vc_zigzag color=&#8220;white&#8220;][vc_text_separator title=&#8220;FORMACION DE PROFESORADO Y ALUMNADO&#8220; color=&#8220;custom&#8220; border_width=&#8220;3&#8243; accent_color=&#8220;#f450b7&#8243;][vc_zigzag color=&#8220;white&#8220;][\/vc_column][\/vc_row][vc_row][vc_column width=&#8220;1\/2&#8243; css=&#8220;.vc_custom_1587734110771{padding-top: 20px !important;}&#8220;][vc_single_image image=&#8220;42199&#8243;][\/vc_column][vc_column width=&#8220;1\/2&#8243;][vc_column_text]Formaci\u00f3n docente\u00a0\u00a0\u00a0[\/vc_column_text][vc_column_text]Profesorado de todas las etapas educativas\u00a0 \u00bfC\u00f3mo desarrollar en aula el enfoque STEAM? Transforma tu pr\u00e1ctica docente Si eres docente y quieres fortalecer las STEAM de tu alumnado ense\u00f1ando E-textiles, Programaci\u00f3n&hellip;<\/p>\n","protected":false},"author":1,"featured_media":0,"parent":0,"menu_order":0,"comment_status":"closed","ping_status":"closed","template":"templates\/right-sidebar.php","meta":[],"_links":{"self":[{"href":"https:\/\/aulasteam.com\/de\/wp-json\/wp\/v2\/pages\/171"}],"collection":[{"href":"https:\/\/aulasteam.com\/de\/wp-json\/wp\/v2\/pages"}],"about":[{"href":"https:\/\/aulasteam.com\/de\/wp-json\/wp\/v2\/types\/page"}],"author":[{"embeddable":true,"href":"https:\/\/aulasteam.com\/de\/wp-json\/wp\/v2\/users\/1"}],"replies":[{"embeddable":true,"href":"https:\/\/aulasteam.com\/de\/wp-json\/wp\/v2\/comments?post=171"}],"version-history":[{"count":300,"href":"https:\/\/aulasteam.com\/de\/wp-json\/wp\/v2\/pages\/171\/revisions"}],"predecessor-version":[{"id":42200,"href":"https:\/\/aulasteam.com\/de\/wp-json\/wp\/v2\/pages\/171\/revisions\/42200"}],"wp:attachment":[{"href":"https:\/\/aulasteam.com\/de\/wp-json\/wp\/v2\/media?parent=171"}],"curies":[{"name":"wp","href":"https:\/\/api.w.org\/{rel}","templated":true}]}}