{"id":13757,"date":"2020-04-11T11:05:29","date_gmt":"2020-04-11T11:05:29","guid":{"rendered":"http:\/\/paolaguimerans.com\/openlab\/?page_id=13757"},"modified":"2024-01-08T15:24:59","modified_gmt":"2024-01-08T14:24:59","slug":"hogar","status":"publish","type":"page","link":"https:\/\/aulasteam.com\/de\/","title":{"rendered":"Aula STEAM"},"content":{"rendered":"[vc_row][vc_column][vc_raw_js]JTNDc2NyaXB0JTIwdHlwZSUzRCUyMnRleHQlMkZqYXZhc2NyaXB0JTIyJTIwc3JjJTNEJTIyJTJGJTJGZG93bmxvYWRzLm1haWxjaGltcC5jb20lMkZqcyUyRnNpZ251cC1mb3JtcyUyRnBvcHVwJTJGdW5pcXVlLW1ldGhvZHMlMkZlbWJlZC5qcyUyMiUyMGRhdGEtZG9qby1jb25maWclM0QlMjJ1c2VQbGFpbkpzb24lM0ElMjB0cnVlJTJDJTIwaXNEZWJ1ZyUzQSUyMGZhbHNlJTIyJTNFJTNDJTJGc2NyaXB0JTNFJTNDc2NyaXB0JTIwdHlwZSUzRCUyMnRleHQlMkZqYXZhc2NyaXB0JTIyJTNFd2luZG93LmRvam9SZXF1aXJlJTI4JTVCJTIybW9qbyUyRnNpZ251cC1mb3JtcyUyRkxvYWRlciUyMiU1RCUyQyUyMGZ1bmN0aW9uJTI4TCUyOSUyMCU3QiUyMEwuc3RhcnQlMjglN0IlMjJiYXNlVXJsJTIyJTNBJTIybWMudXMxOC5saXN0LW1hbmFnZS5jb20lMjIlMkMlMjJ1dWlkJTIyJTNBJTIyNTU4YTgxZWIyNzUxNjNhMDJhN2QwNGZmYSUyMiUyQyUyMmxpZCUyMiUzQSUyMjcyMmJlYzJjNmUlMjIlMkMlMjJ1bmlxdWVNZXRob2RzJTIyJTNBdHJ1ZSU3RCUyOSUyMCU3RCUyOSUzQyUyRnNjcmlwdCUzRQ==[\/vc_raw_js][vc_column_text][\/vc_column_text][\/vc_column][\/vc_row][vc_row][vc_column][vc_column_text color=&#8220;&#8220; font_size=&#8220;&#8220; line_height=&#8220;&#8220; letter_spacing=&#8220;&#8220; responsive_text_min_max=&#8220;&#8220;]\n<h1><strong><span style=\"color: #008080; font-size: 18px;\">Aula STEAM\u00a0 es una iniciativa pionera en Espa\u00f1a\u00a0 impulsada desde el a<span class=\"st\">\u00f1<\/span>o 2013 por Paola Guimer\u00e1ns, experta en <span class=\"st\">ense\u00f1anza <\/span> STEAM y e-textiles aplicados a la educaci\u00f3n.<\/span><\/strong><\/h1>\n<h1><span style=\"color: #808080; font-size: 18px;\">Desde hace una d<span class=\"st\">\u00e9<\/span>cada invetigo el potencial educativo del campo de los e-textiles aplicados a la educaci\u00f3n. A partir del desarrollo de propuestas de formaci\u00f3n STEAM, proyectos de innovaci\u00f3n curricular y colaboraciones con diferentes instituciones\u00a0 propone visibilizar novedosas estrategias de aprendizaje basadas en e-textiles para la ense\u00f1anza de las Ciencias de la Computaci\u00f3n (CS) y el Arte con el fin de ampliar y diversificar la educaci\u00f3n tecnol\u00f3gica y digital.<\/span><\/h1>\n<h1><span style=\"font-size: 18px; color: #808080;\">Los e-textiles aplicados a la educaci\u00f3n son un recurso educativo extraordinario para la ense\u00f1anza de las artes y la tecnolo<span style=\"color: #808080; font-size: 18px;\">g\u00eda. <\/span>Explorar el potencial de los e-textiles aplicados a la educaci\u00f3n surge para dar una respuesta al debate educativo de c\u00f3mo integrar el Arte en la educaci\u00f3n STEM. Tambi\u00e9n como una soluci\u00f3n para\u00a0 ampliar la participaci\u00f3n en el campo de las ciencias de la computaci\u00f3n y hacer evidente la presencia del pensamiento creativo. <\/span><span style=\"color: #808080; font-size: 18px;\">En este sentido, el uso de este recurso educativo en el aula para\u00a0 el desarrollo de proyectos STEAM permiten conectar la ense\u00f1anza de las artes visuales y pl\u00e1sticas, vistas desde la amplitud de las nuevas tecnolog\u00edas y la interactividad. Es decir, permite abordar las competencias cient\u00edficas desde el arte, espec\u00edficamente desde la educaci\u00f3n art\u00edstica.<\/span><\/h1>\n[\/vc_column_text][\/vc_column][\/vc_row][vc_row][vc_column][vc_video link=&#8220;https:\/\/www.youtube.com\/watch?v=VWc7ueRbe48&#8243;][\/vc_column][\/vc_row][vc_row][vc_column][vc_custom_heading text=&#8220;&#8222;Los e-textiles, del mismo modo que la rob\u00f3tica, son una gran herramienta de apoyo al proceso de ense\u00f1anza-aprendizaje y permiten que el estudiantado fortalezca su formaci\u00f3n transversal mientras desarrolla diferentes destrezas que le permitir\u00e1n afrontar los retos de la sociedad actual. Cuando llevamos actividades relacionadas con este campo al aula, el alumnado desarrolla proyectos y objetos desde una perspectiva que integra la inform\u00e1tica, el dise\u00f1o, el arte y la ingenier\u00eda&#8222;&#8220; font_container=&#8220;tag:h2|text_align:left|color:%23919191&#8243; google_fonts=&#8220;font_family:Titillium%20Web%3A200%2C200italic%2C300%2C300italic%2Cregular%2Citalic%2C600%2C600italic%2C700%2C700italic%2C900|font_style:400%20italic%3A400%3Aitalic&#8220; css_animation=&#8220;fadeIn&#8220;][vc_empty_space][vc_column_text]<span style=\"color: #808080;\"><strong><em>Paola Guimer\u00e1ns. Bolet\u00edn de la Revista Digital EducaMadrid. 2019<\/em><\/strong><\/span>[\/vc_column_text][vc_empty_space][\/vc_column][\/vc_row][vc_row full_width=&#8220;stretch_row&#8220; css=&#8220;.vc_custom_1489540411881{padding-top: 60px !important;padding-bottom: 20px !important;background-color: #f1f1f4 !important;}&#8220;][vc_column][vc_custom_heading text=&#8220;Recursos Did\u00e1cticos&#8220; font_container=&#8220;tag:h2|font_size:21px|text_align:center|color:%2300b2bf&#8220; google_fonts=&#8220;font_family:Roboto%20Slab%3A100%2C300%2Cregular%2C700|font_style:700%20bold%20regular%3A700%3Anormal&#8220; css=&#8220;.vc_custom_1631738410799{margin-bottom: 20px !important;}&#8220;]<div class=\"vcex-module vcex-divider vcex-divider-solid\" style=\"width:30px;margin-top:20px;margin-bottom:40px;border-top-width:2px;border-color:#252d3b;\"><\/div><div class=\"vcex-module vcex-portfolio-grid-wrap wpex-clr\"><div class=\"wpex-row vcex-portfolio-grid wpex-clr entries\"><div class=\"portfolio-entry vcex-grid-item entry-has-details span_1_of_4 col col-1 post-42400 entry type-portfolio has-media cat-309 has-redirect\"><div class=\"portfolio-entry-inner entry-inner wpex-clr\"><div class=\"portfolio-entry-media entry-media wpex-clr wpex-image-hover grow overlay-parent overlay-parent-plus-hover wpex-overflow-hidden\"><a href=\"https:\/\/aulasteam.com\/tutoriales-lilypad-arduino\/\" title=\"Tutoriales LilyPad Arduino\" class=\"portfolio-entry-media-link\"><img loading=\"lazy\" class=\"portfolio-entry-img\" src=\"https:\/\/aulasteam.com\/wp-content\/uploads\/2022\/07\/hola-450x300.jpeg\" alt=\"\" width=\"450\" height=\"300\">\n<div class=\"overlay-plus-hover overlay-hide theme-overlay wpex-absolute wpex-inset-0 wpex-transition-all wpex-duration-300\" aria-hidden=\"true\">\n\t<span class=\"overlay-bg wpex-flex wpex-items-center wpex-justify-center wpex-bg-black wpex-block wpex-absolute wpex-inset-0 wpex-opacity-60\"><svg xmlns=\"http:\/\/www.w3.org\/2000\/svg\" height=\"40\" width=\"40\" stroke=\"#fff\"><path d=\"M-83 26.947h7.225v234.297H-83zM20 0h0v20h20 0-20v20h0V20H0h0 20z\"\/><\/svg><\/span>\n<\/div><\/a><\/div><div class=\"portfolio-entry-details entry-details wpex-clr\"><h2 class=\"portfolio-entry-title entry-title\"><a href=\"https:\/\/aulasteam.com\/tutoriales-lilypad-arduino\/\" title=\"Tutoriales LilyPad Arduino\">Tutoriales LilyPad Arduino<\/a><\/h2><div class=\"portfolio-entry-excerpt entry-excerpt wpex-clr\"><p>Tutoriales LilyPad arduino...<\/p><\/div><\/div><\/div><\/div><div class=\"portfolio-entry vcex-grid-item entry-has-details span_1_of_4 col col-2 post-42292 entry type-portfolio has-media cat-309 has-redirect\"><div class=\"portfolio-entry-inner entry-inner wpex-clr\"><div class=\"portfolio-entry-media entry-media wpex-clr wpex-image-hover grow overlay-parent overlay-parent-plus-hover wpex-overflow-hidden\"><a href=\"https:\/\/aulasteam.com\/code-bug\/\" title=\"Code Bug\" class=\"portfolio-entry-media-link\"><img loading=\"lazy\" class=\"portfolio-entry-img\" src=\"https:\/\/aulasteam.com\/wp-content\/uploads\/2021\/12\/CODEBIG-450x300.jpeg\" alt=\"\" srcset=\"https:\/\/aulasteam.com\/wp-content\/uploads\/2021\/12\/CODEBIG-450x300.jpeg 450w, https:\/\/aulasteam.com\/wp-content\/uploads\/2021\/12\/CODEBIG-450x300@2x.jpeg 900w, https:\/\/aulasteam.com\/wp-content\/uploads\/2021\/12\/CODEBIG-450x300@2x.jpeg 2x\" width=\"450\" height=\"300\">\n<div class=\"overlay-plus-hover overlay-hide theme-overlay wpex-absolute wpex-inset-0 wpex-transition-all wpex-duration-300\" aria-hidden=\"true\">\n\t<span class=\"overlay-bg wpex-flex wpex-items-center wpex-justify-center wpex-bg-black wpex-block wpex-absolute wpex-inset-0 wpex-opacity-60\"><svg xmlns=\"http:\/\/www.w3.org\/2000\/svg\" height=\"40\" width=\"40\" stroke=\"#fff\"><path d=\"M-83 26.947h7.225v234.297H-83zM20 0h0v20h20 0-20v20h0V20H0h0 20z\"\/><\/svg><\/span>\n<\/div><\/a><\/div><div class=\"portfolio-entry-details entry-details wpex-clr\"><h2 class=\"portfolio-entry-title entry-title\"><a href=\"https:\/\/aulasteam.com\/code-bug\/\" title=\"Code Bug\">Code Bug<\/a><\/h2><div class=\"portfolio-entry-excerpt entry-excerpt wpex-clr\"><p>El\u00a0CodeBug es una manera f\u00e1cil para que los pekes puedan entrar en contacto&hellip;<\/p><\/div><\/div><\/div><\/div><div class=\"portfolio-entry vcex-grid-item entry-has-details span_1_of_4 col col-3 post-41841 entry type-portfolio has-media cat-374 has-redirect\"><div class=\"portfolio-entry-inner entry-inner wpex-clr\"><div class=\"portfolio-entry-media entry-media wpex-clr wpex-image-hover grow overlay-parent overlay-parent-plus-hover wpex-overflow-hidden\"><a href=\"https:\/\/aulasteam.com\/scratch\/\" title=\"Scratch\" class=\"portfolio-entry-media-link\"><img loading=\"lazy\" class=\"portfolio-entry-img\" src=\"https:\/\/aulasteam.com\/wp-content\/uploads\/2021\/03\/12-1.png\" alt=\"\" width=\"259\" height=\"231\">\n<div class=\"overlay-plus-hover overlay-hide theme-overlay wpex-absolute wpex-inset-0 wpex-transition-all wpex-duration-300\" aria-hidden=\"true\">\n\t<span class=\"overlay-bg wpex-flex wpex-items-center wpex-justify-center wpex-bg-black wpex-block wpex-absolute wpex-inset-0 wpex-opacity-60\"><svg xmlns=\"http:\/\/www.w3.org\/2000\/svg\" height=\"40\" width=\"40\" stroke=\"#fff\"><path d=\"M-83 26.947h7.225v234.297H-83zM20 0h0v20h20 0-20v20h0V20H0h0 20z\"\/><\/svg><\/span>\n<\/div><\/a><\/div><div class=\"portfolio-entry-details entry-details wpex-clr\"><h2 class=\"portfolio-entry-title entry-title\"><a href=\"https:\/\/aulasteam.com\/scratch\/\" title=\"Scratch\">Scratch<\/a><\/h2><div class=\"portfolio-entry-excerpt entry-excerpt wpex-clr\"><p>Scratch es un lenguaje de programaci\u00f3n que sirve para introducir a los ni\u00f1@s&hellip;<\/p><\/div><\/div><\/div><\/div><div class=\"portfolio-entry vcex-grid-item entry-has-details span_1_of_4 col col-4 post-14571 entry type-portfolio has-media cat-368 has-redirect\"><div class=\"portfolio-entry-inner entry-inner wpex-clr\"><div class=\"portfolio-entry-media entry-media wpex-clr wpex-image-hover grow overlay-parent overlay-parent-plus-hover wpex-overflow-hidden\"><a href=\"https:\/\/aulasteam.com\/tutorial-simple-diy-input-output-board-for-bbc-microbit\/\" title=\"INPUT \/ OUTPUT\" class=\"portfolio-entry-media-link\"><img loading=\"lazy\" class=\"portfolio-entry-img\" src=\"https:\/\/aulasteam.com\/wp-content\/uploads\/2020\/04\/micro-435x300.jpg\" alt=\"\" width=\"435\" height=\"300\">\n<div class=\"overlay-plus-hover overlay-hide theme-overlay wpex-absolute wpex-inset-0 wpex-transition-all wpex-duration-300\" aria-hidden=\"true\">\n\t<span class=\"overlay-bg wpex-flex wpex-items-center wpex-justify-center wpex-bg-black wpex-block wpex-absolute wpex-inset-0 wpex-opacity-60\"><svg xmlns=\"http:\/\/www.w3.org\/2000\/svg\" height=\"40\" width=\"40\" stroke=\"#fff\"><path d=\"M-83 26.947h7.225v234.297H-83zM20 0h0v20h20 0-20v20h0V20H0h0 20z\"\/><\/svg><\/span>\n<\/div><\/a><\/div><div class=\"portfolio-entry-details entry-details wpex-clr\"><h2 class=\"portfolio-entry-title entry-title\"><a href=\"https:\/\/aulasteam.com\/tutorial-simple-diy-input-output-board-for-bbc-microbit\/\" title=\"INPUT \/ OUTPUT\">INPUT \/ OUTPUT<\/a><\/h2><div class=\"portfolio-entry-excerpt entry-excerpt wpex-clr\"><p>Plantilla para ense\u00f1ar las entradas y salidas de la placa Microbit<\/p><\/div><\/div><\/div><\/div><\/div><\/div>[\/vc_column][\/vc_row][vc_row][vc_column][vc_zigzag color=&#8220;white&#8220;][vc_custom_heading text=&#8220;Referentes Te\u00f3ricos&#8220; font_container=&#8220;tag:h2|font_size:21px|text_align:center|color:%2300b2bf&#8220; google_fonts=&#8220;font_family:Roboto%20Slab%3A100%2C300%2Cregular%2C700|font_style:700%20bold%20regular%3A700%3Anormal&#8220; css=&#8220;.vc_custom_1631738398919{margin-bottom: 20px !important;}&#8220;][\/vc_column][\/vc_row][vc_row][vc_column width=&#8220;1\/2&#8243;][vc_single_image image=&#8220;14718&#8243;][\/vc_column][vc_column width=&#8220;1\/2&#8243;][vc_column_text]<strong><span style=\"font-size: 18px; color: #736e6e;\">Recientes estudios confirman que el componente art\u00edstico que proponen los e-textiles resulta particularmente atractivo y accesible para que nuevas y diversas audiencias\u00a0 trabajen STEM.\u00a0 De hecho, ya se propone como alternativa o complemento a la rob\u00f3tica educativa.<\/span><\/strong>[\/vc_column_text][vc_column_text]\n<h2><span style=\"color: #63aab7;\"><strong><a style=\"color: #63aab7;\" href=\"https:\/\/aulasteam.com\/participacion-equitativa-en-stem\/\"><em>Participaci\u00f3n equitativa en STEM: El uso de los e-textiles para captar el inter\u00e9s de las chicas por las ciencias<\/em><\/a> <\/strong><\/span><span style=\"font-size: 13px;\">(Kristin Searle ,Colby Tofel-Grehl y Janet Breitenstein)<\/span><\/h2>\n[\/vc_column_text]<div class=\"vcex-spacing\" style=\"height:40px\"><\/div><a href=\"https:\/\/padlet.com\/paolaguimerans\/kz02kr35hs10o06f\" class=\"vcex-button theme-button inline animate-on-hover\" style=\"background:#63aab7;\"><span class=\"theme-button-inner\">+ Textos<\/span><\/a> [\/vc_column][\/vc_row]\n","protected":false},"excerpt":{"rendered":"<p>[vc_row][vc_column][vc_raw_js]JTNDc2NyaXB0JTIwdHlwZSUzRCUyMnRleHQlMkZqYXZhc2NyaXB0JTIyJTIwc3JjJTNEJTIyJTJGJTJGZG93bmxvYWRzLm1haWxjaGltcC5jb20lMkZqcyUyRnNpZ251cC1mb3JtcyUyRnBvcHVwJTJGdW5pcXVlLW1ldGhvZHMlMkZlbWJlZC5qcyUyMiUyMGRhdGEtZG9qby1jb25maWclM0QlMjJ1c2VQbGFpbkpzb24lM0ElMjB0cnVlJTJDJTIwaXNEZWJ1ZyUzQSUyMGZhbHNlJTIyJTNFJTNDJTJGc2NyaXB0JTNFJTNDc2NyaXB0JTIwdHlwZSUzRCUyMnRleHQlMkZqYXZhc2NyaXB0JTIyJTNFd2luZG93LmRvam9SZXF1aXJlJTI4JTVCJTIybW9qbyUyRnNpZ251cC1mb3JtcyUyRkxvYWRlciUyMiU1RCUyQyUyMGZ1bmN0aW9uJTI4TCUyOSUyMCU3QiUyMEwuc3RhcnQlMjglN0IlMjJiYXNlVXJsJTIyJTNBJTIybWMudXMxOC5saXN0LW1hbmFnZS5jb20lMjIlMkMlMjJ1dWlkJTIyJTNBJTIyNTU4YTgxZWIyNzUxNjNhMDJhN2QwNGZmYSUyMiUyQyUyMmxpZCUyMiUzQSUyMjcyMmJlYzJjNmUlMjIlMkMlMjJ1bmlxdWVNZXRob2RzJTIyJTNBdHJ1ZSU3RCUyOSUyMCU3RCUyOSUzQyUyRnNjcmlwdCUzRQ==[\/vc_raw_js][vc_column_text][\/vc_column_text][\/vc_column][\/vc_row][vc_row][vc_column][vc_column_text color=&#8220;&#8220; font_size=&#8220;&#8220; line_height=&#8220;&#8220; letter_spacing=&#8220;&#8220; responsive_text_min_max=&#8220;&#8220;] Aula STEAM\u00a0 es una iniciativa pionera en Espa\u00f1a\u00a0 impulsada desde el a\u00f1o 2013 por Paola Guimer\u00e1ns, experta en ense\u00f1anza STEAM y e-textiles aplicados a la educaci\u00f3n. Desde hace una d\u00e9cada invetigo el potencial educativo del campo de los e-textiles aplicados a la educaci\u00f3n. A partir del desarrollo de propuestas&hellip;<\/p>\n","protected":false},"author":1,"featured_media":0,"parent":0,"menu_order":0,"comment_status":"closed","ping_status":"closed","template":"templates\/no-sidebar.php","meta":[],"_links":{"self":[{"href":"https:\/\/aulasteam.com\/de\/wp-json\/wp\/v2\/pages\/13757"}],"collection":[{"href":"https:\/\/aulasteam.com\/de\/wp-json\/wp\/v2\/pages"}],"about":[{"href":"https:\/\/aulasteam.com\/de\/wp-json\/wp\/v2\/types\/page"}],"author":[{"embeddable":true,"href":"https:\/\/aulasteam.com\/de\/wp-json\/wp\/v2\/users\/1"}],"replies":[{"embeddable":true,"href":"https:\/\/aulasteam.com\/de\/wp-json\/wp\/v2\/comments?post=13757"}],"version-history":[{"count":171,"href":"https:\/\/aulasteam.com\/de\/wp-json\/wp\/v2\/pages\/13757\/revisions"}],"predecessor-version":[{"id":42466,"href":"https:\/\/aulasteam.com\/de\/wp-json\/wp\/v2\/pages\/13757\/revisions\/42466"}],"wp:attachment":[{"href":"https:\/\/aulasteam.com\/de\/wp-json\/wp\/v2\/media?parent=13757"}],"curies":[{"name":"wp","href":"https:\/\/api.w.org\/{rel}","templated":true}]}}