{"id":13560,"date":"2016-09-06T17:38:04","date_gmt":"2016-09-06T17:38:04","guid":{"rendered":"http:\/\/totaltheme.wpengine.com\/boost\/?page_id=2"},"modified":"2020-09-07T08:26:46","modified_gmt":"2020-09-07T08:26:46","slug":"cursos_online","status":"publish","type":"page","link":"https:\/\/aulasteam.com\/de\/cursos_online\/","title":{"rendered":"Curso online"},"content":{"rendered":"[vc_row full_width=&#8220;stretch_row&#8220; wpex_bg_overlay=&#8220;dashed&#8220; css=&#8220;.vc_custom_1587855553490{padding-top: 120px !important;padding-bottom: 80px !important;background: #0e7a99 url(https:\/\/aulasteam.com\/wp-content\/uploads\/2020\/04\/paolaguimerans-scaled.jpg?id=15012) !important;background-position: center !important;background-repeat: no-repeat !important;background-size: cover !important;}&#8220; wpex_bg_overlay_opacity=&#8220;0.40&#8243; wpex_bg_overlay_color=&#8220;#ffffff&#8220;][vc_column][vc_column_text text_align=&#8220;center&#8220; font_weight=&#8220;semibold&#8220; color=&#8220;#ffffff&#8220; font_size=&#8220;d:48px|tp:32px&#8220; line_height=&#8220;1.2&#8243;]\n<p style=\"text-align: center;\"><span style=\"font-size: 32px; font-family: arial, helvetica, sans-serif;\"><strong><span class=\"st\"><span style=\"font-size: 32px;\">Aprende desd<\/span><span style=\"font-size: 28px;\"><span style=\"font-size: 32px;\">e cualquier lugar con los cursos online<\/span> <\/span><\/span><\/strong><\/span><\/p>\n<p style=\"text-align: center;\"><span style=\"font-size: 28px;\">Clases en directo por Videoconferencia<\/span><\/p>\n[\/vc_column_text]<div class=\"vcex-spacing\" style=\"height:20px\"><\/div><div class=\"textcenter theme-button-wrap clr\"><a href=\"http:\/\/Env\u00edame%20un%20mensaje%20por%20WhatsApp\" title=\"Env\u00edame un mensaje por WhatsApp\" class=\"vcex-button theme-button align-center inline animate-on-hover\" target=\"_blank\" style=\"background:#db32a3;padding:10px 16px;text-transform:uppercase;\" data-wpex-rcss='{&quot;font-size&quot;:{&quot;d&quot;:&quot;18px&quot;,&quot;tp&quot;:&quot;16px&quot;}}'><span class=\"theme-button-inner\">Quiero m\u00e1s informaci\u00f3n <span class=\"vcex-icon-wrap theme-button-icon-right\"><span class=\"ticon ticon-angle-double-right\" aria-hidden=\"true\"><\/span><\/span><\/span><\/a><\/div> [\/vc_column][\/vc_row][vc_row css=&#8220;.vc_custom_1473186237871{padding-top: 60px !important;}&#8220;][vc_column]<h1 class=\"vcex-module vcex-heading vcex-heading-plain\" style=\"font-size:30px;text-align:center;line-height:1.2;\"><span class=\"vcex-heading-inner clr\">CURSOS ONLINE 24h. PARA PROFESORADO<\/span><\/h1><div class=\"vcex-module vcex-divider-dots clr\" style=\"padding-top:20px;\"><span><\/span><span><\/span><span><\/span><\/div>[\/vc_column][\/vc_row][vc_row column_spacing=&#8220;50&#8243; css=&#8220;.vc_custom_1489952133748{padding-bottom: 45px !important;}&#8220;][vc_column width=&#8220;1\/2&#8243;][vc_single_image image=&#8220;15795&#8243;][vc_zigzag color=&#8220;white&#8220;][vc_zigzag color=&#8220;white&#8220;][vc_column_text]<span style=\"font-size: 18px; color: #e6439f;\"><strong><span style=\"color: #35989c;\">El CURSO ONLINE INCLUYE:<\/span><br \/>\n<\/strong><\/span><\/p>\n<ul>\n<li>\u00a0Acceso a un entorno de aprendizaje e-learning dise\u00f1ado para que puedas aprender todo sobre los e-textiles y su uso en el aula<\/li>\n<li>\u00a0Contenidos exclusivos de gran calidad<\/li>\n<li>\u00a0Numerosos recursos para tu aprendizaje en diferentes formatos.<\/li>\n<li>\u00a0Tareas para que puedas practicar\/reflexionar sobre los contenidos aprendidos.<\/li>\n<li>\u00a0Proyecto final para trabajar las habilidades y conocimientos adquiridos durante las sesiones te\u00f3rico-pr\u00e1cticos.<\/li>\n<li>\u00a0Foros para comentar y resolver cuestiones sobre el curso.<\/li>\n<li>\u00a0Profesora experta en e-textiles y programaci\u00f3n\u00a0 responsable de guiarte, orientarte y apoyarte.<\/li>\n<\/ul>\n[\/vc_column_text][vc_zigzag color=&#8220;white&#8220;][vc_zigzag color=&#8220;white&#8220;][\/vc_column][vc_column width=&#8220;1\/2&#8243;]<h2 class=\"vcex-module vcex-heading vcex-heading-plain\" style=\"color:#17c1c6;\"><span class=\"vcex-heading-inner clr\">Curso: Iniciaci\u00f3n E-textiles<\/span><\/h2>[vc_zigzag color=&#8220;white&#8220;][vc_column_text]\n<div class=\"row iconos\">\n<div class=\"col-xs-12 col-sm-12 col-md-12 col-lg-12\">\n<div class=\"col-xs-12\">\n<div class=\"field field--name-field-atributo field--type-entity-reference field--label-hidden field--items\">\n<div class=\"field--item\">\n<div class=\"layout layout--onecol\">\n<div class=\"layout__region layout__region--content\">\n<div class=\"contenedor-atributo font-awesome\">\n<div class=\"field field--name-taxonomy-term-title field--type-ds field--label-hidden field--item\">\n<div class=\"field field--name-taxonomy-term-title field--type-ds field--label-hidden field--item\">\n<p><strong>Curso 100% online para profesionales de la ense\u00f1anza que quieran incorporar los e-textiles\u00a0 como modelo pedag\u00f3gico de aprendizaje, as\u00ed como aplicar la programaci\u00f3n y la electr\u00f3nica junto a materiales creativos en el desarrollo y uso de nuevos materiales y contenidos para su aula.<\/strong><\/p>\n<p><strong>El curso tiene un enfoque pr\u00e1ctico, donde aprender\u00e1s nociones de programaci\u00f3n, electr\u00f3nica, componentes y sensores m\u00e1s comunes en el campo de los E-textiles en el aula.<\/strong><\/p>\n<p><strong>\u00a0<\/strong><\/p>\n<\/div>\n<\/div>\n<\/div>\n<\/div>\n<\/div>\n<\/div>\n<div class=\"field--item\">\n<div class=\"layout layout--onecol\">\n<div class=\"layout__region layout__region--content\">\n<div class=\"contenedor-atributo font-awesome\">\n<div class=\"field field--name-taxonomy-term-title field--type-ds field--label-hidden field--item\"><\/div>\n<\/div>\n<\/div>\n<\/div>\n<\/div>\n<\/div>\n<\/div>\n<\/div>\n<\/div>\n<p><span style=\"color: #ffffff;\">.<\/span>[\/vc_column_text][vc_zigzag color=&#8220;white&#8220;][vc_zigzag color=&#8220;white&#8220;][vc_column_text]<span style=\"color: #35989c;\"><strong>A QUI\u00c9N EST\u00c1 DIRIGIDO<\/strong><\/span><\/p>\n<p>Este curso est\u00e1 dirigido a profesionales de la educaci\u00f3n Primaria y Secundaria.<\/p>\n<p><em>No se requieren conocimientos previos de programaci\u00f3n.<\/em><\/p>\n<p><span style=\"color: #e6439f;\"><strong><span style=\"color: #35989c;\">DURACI\u00d3N: \u00a024 Horas<\/span><br \/>\n<\/strong><\/span><\/p>\n<div class=\"field--item\">\n<div class=\"layout layout--onecol\">\n<div class=\"layout__region layout__region--content\">\n<div class=\"contenedor-atributo font-awesome\">\n<div class=\"field field--name-taxonomy-term-title field--type-ds field--label-hidden field--item\">\n<p><span style=\"color: #333333;\"><strong>\u00a0<\/strong><\/span>8 Sesiones\u00a0 ( 3h duraci\u00f3n cada sesi\u00f3n)<\/p>\n<div class=\"field field--name-taxonomy-term-title field--type-ds field--label-hidden field--item\">\n<p><em>Incluye Kit E-textiles y materiales<\/em><\/p>\n<\/div>\n<\/div>\n<\/div>\n<\/div>\n<\/div>\n<\/div>\n<div class=\"field--item\">\n<div class=\"layout layout--onecol\">\n<div class=\"layout__region layout__region--content\">\n<div class=\"contenedor-atributo font-awesome\">\n<div class=\"field field--name-taxonomy-term-title field--type-ds field--label-hidden field--item\">\n<p>&nbsp;<\/p>\n<\/div>\n<\/div>\n<\/div>\n<\/div>\n<\/div>\n<p><span style=\"color: #ffffff;\">.<\/span>[\/vc_column_text][vc_column_text]<a href=\"http:\/\/paolaguimerans.com\/Curso_Iniciacion_Etextiles.pdf\"><img loading=\"lazy\" class=\"alignnone wp-image-15752\" src=\"https:\/\/aulasteam.com\/wp-content\/uploads\/2020\/05\/icono.jpg\" alt=\"\" width=\"238\" height=\"74\" \/><\/a>[\/vc_column_text][vc_zigzag color=&#8220;white&#8220;][\/vc_column][\/vc_row][vc_row][vc_column]<h1 class=\"vcex-module vcex-heading vcex-heading-plain\" style=\"font-size:30px;text-align:center;line-height:1.2;\"><span class=\"vcex-heading-inner clr\">CURSOS ONLINE 5h. PARA PROFESORADO<\/span><\/h1><div class=\"vcex-module vcex-divider-dots clr\" style=\"padding-top:20px;\"><span><\/span><span><\/span><span><\/span><\/div>[\/vc_column][\/vc_row][vc_row full_width=&#8220;stretch_row&#8220; remove_bottom_col_margin=&#8220;true&#8220; css=&#8220;.vc_custom_1590531858059{border-bottom-width: 60px !important;padding-top: 60px !important;background-color: #eaeaea !important;border-bottom-color: #eaeaea !important;}&#8220;][vc_column width=&#8220;1\/2&#8243;]<h2 class=\"vcex-module vcex-heading vcex-heading-plain\" style=\"color:#eb4bbd;\"><span class=\"vcex-heading-inner clr\">Curso: Iniciaci\u00f3n a los Paper Circuits<\/span><\/h2>[vc_zigzag][vc_column_text]\n<div class=\"row iconos\">\n<div class=\"col-xs-12 col-sm-12 col-md-12 col-lg-12\">\n<div class=\"col-xs-12\">\n<div class=\"field field--name-field-atributo field--type-entity-reference field--label-hidden field--items\">\n<div class=\"field--item\">\n<div class=\"layout layout--onecol\">\n<div class=\"layout__region layout__region--content\">\n<div class=\"contenedor-atributo font-awesome\">\n<div class=\"field field--name-taxonomy-term-title field--type-ds field--label-hidden field--item\">\n<div class=\"field field--name-taxonomy-term-title field--type-ds field--label-hidden field--item\">\n<p><strong>Curso 100% online que tiene un enfoque te\u00f3rico-pr\u00e1ctico, donde aprender\u00e1s nociones de electr\u00f3nica y de los materiales m\u00e1s comunes en el campo de los circuitos en papel en el aula.<\/strong><\/p>\n<\/div>\n<\/div>\n<\/div>\n<\/div>\n<\/div>\n<\/div>\n<div class=\"field--item\">\n<div class=\"layout layout--onecol\">\n<div class=\"layout__region layout__region--content\">\n<div class=\"contenedor-atributo font-awesome\">\n<div class=\"field field--name-taxonomy-term-title field--type-ds field--label-hidden field--item\"><\/div>\n<\/div>\n<\/div>\n<\/div>\n<\/div>\n<\/div>\n<\/div>\n<\/div>\n<\/div>\n[\/vc_column_text][vc_zigzag][vc_column_text]\n<div class=\"row iconos\">\n<div class=\"col-xs-12 col-sm-12 col-md-12 col-lg-12\">\n<div class=\"col-xs-12\">\n<div class=\"field field--name-field-atributo field--type-entity-reference field--label-hidden field--items\">\n<div class=\"field--item\">\n<div class=\"layout layout--onecol\">\n<div class=\"layout__region layout__region--content\">\n<div class=\"contenedor-atributo font-awesome\">\n<div class=\"field field--name-taxonomy-term-title field--type-ds field--label-hidden field--item\">\n<div class=\"field field--name-taxonomy-term-title field--type-ds field--label-hidden field--item\">\n<p class=\"\">Si nos centramos en las aplicaciones de los paper circuits en el campo de la educaci\u00f3n, incluir circuitos en papel\u00a0 en el aula\u00a0 con el fin de construir figuras de origami, postales <em>pop-up, <\/em>narrrativas o cuentos interactivos es una forma nueva y divertida de que el alumno y alumna investigue conceptos en la frontera entre arte, ciencia y tecnolog\u00eda.<\/p>\n<p><span style=\"color: #eb4bbd;\"><strong>A QUI\u00c9N EST\u00c1 DIRIGIDO<\/strong><\/span><\/p>\n<p>Este curso est\u00e1 dirigido a profesionales de la educaci\u00f3n.<\/p>\n<p><em>No se requieren conocimientos previos de programaci\u00f3n.<\/em><\/p>\n<div class=\"field--item\">\n<div class=\"layout layout--onecol\">\n<div class=\"layout__region layout__region--content\">\n<div class=\"contenedor-atributo font-awesome\">\n<div class=\"field field--name-taxonomy-term-title field--type-ds field--label-hidden field--item\">\n<div class=\"field field--name-taxonomy-term-title field--type-ds field--label-hidden field--item\">\n<p><em>Incluye Kit Paper Circuits<br \/>\n<\/em><\/p>\n<\/div>\n<\/div>\n<\/div>\n<\/div>\n<\/div>\n<\/div>\n<p class=\"\"><strong>\u00a0<\/strong><\/p>\n<\/div>\n<\/div>\n<\/div>\n<\/div>\n<\/div>\n<\/div>\n<div class=\"field--item\">\n<div class=\"layout layout--onecol\">\n<div class=\"layout__region layout__region--content\">\n<div class=\"contenedor-atributo font-awesome\">\n<div class=\"field field--name-taxonomy-term-title field--type-ds field--label-hidden field--item\"><\/div>\n<\/div>\n<\/div>\n<\/div>\n<\/div>\n<\/div>\n<\/div>\n<\/div>\n<\/div>\n[\/vc_column_text][\/vc_column][vc_column width=&#8220;1\/2&#8243;][vc_column_text][\/vc_column_text][vc_single_image image=&#8220;15850&#8243;][vc_zigzag][vc_column_text]<img loading=\"lazy\" class=\"alignnone wp-image-15817\" src=\"https:\/\/aulasteam.com\/wp-content\/uploads\/2020\/06\/01.jpg\" alt=\"\" width=\"273\" height=\"90\" \/>[\/vc_column_text][\/vc_column][\/vc_row][vc_row][vc_column][vc_zigzag color=&#8220;white&#8220;][vc_zigzag color=&#8220;white&#8220;][\/vc_column][\/vc_row][vc_row][vc_column width=&#8220;1\/2&#8243;][vc_single_image image=&#8220;15855&#8243;][vc_zigzag color=&#8220;white&#8220;][vc_zigzag color=&#8220;white&#8220;][vc_column_text]<a href=\"http:\/\/paolaguimerans.com\/Curso_Iniciacion_Etextiles.pdf\"><img loading=\"lazy\" class=\"alignnone wp-image-15752\" src=\"https:\/\/aulasteam.com\/wp-content\/uploads\/2020\/05\/icono.jpg\" alt=\"\" width=\"238\" height=\"74\" \/><\/a>[\/vc_column_text][\/vc_column][vc_column width=&#8220;1\/2&#8243;]<h2 class=\"vcex-module vcex-heading vcex-heading-plain\" style=\"color:#17b0c1;\"><span class=\"vcex-heading-inner clr\">Curso: Espacios Maker en los Centros Educativos<\/span><\/h2>[vc_zigzag color=&#8220;white&#8220;][vc_column_text]\n<div class=\"row iconos\">\n<div class=\"col-xs-12 col-sm-12 col-md-12 col-lg-12\">\n<div class=\"col-xs-12\">\n<div class=\"field field--name-field-atributo field--type-entity-reference field--label-hidden field--items\">\n<div class=\"field--item\">\n<div class=\"layout layout--onecol\">\n<div class=\"layout__region layout__region--content\">\n<div class=\"contenedor-atributo font-awesome\">\n<div class=\"field field--name-taxonomy-term-title field--type-ds field--label-hidden field--item\">\n<div class=\"field field--name-taxonomy-term-title field--type-ds field--label-hidden field--item\">\n<p><strong>Curso 100%\u00a0 online con enfoque\u00a0 te\u00f3rico-pr\u00e1ctico, donde aprender\u00e1s a dise<span class=\"st\">\u00f1<\/span>ar un espacio maker en tu aula y conocer\u00e1s diferentes <\/strong><strong><span id=\"hs_cos_wrapper_post_body\" class=\"hs_cos_wrapper hs_cos_wrapper_meta_field hs_cos_wrapper_type_rich_text\" data-hs-cos-general-type=\"meta_field\" data-hs-cos-type=\"rich_text\">recursos STEAM .<\/span><\/strong><\/p>\n<\/div>\n<\/div>\n<\/div>\n<\/div>\n<\/div>\n<\/div>\n<div class=\"field--item\">\n<div class=\"layout layout--onecol\">\n<div class=\"layout__region layout__region--content\">\n<div class=\"contenedor-atributo font-awesome\">\n<div class=\"field field--name-taxonomy-term-title field--type-ds field--label-hidden field--item\"><\/div>\n<\/div>\n<\/div>\n<\/div>\n<\/div>\n<\/div>\n<\/div>\n<\/div>\n<\/div>\n[\/vc_column_text][vc_zigzag color=&#8220;white&#8220;][vc_column_text]\n<div class=\"row iconos\">\n<div class=\"col-xs-12 col-sm-12 col-md-12 col-lg-12\">\n<div class=\"col-xs-12\">\n<div class=\"field field--name-field-atributo field--type-entity-reference field--label-hidden field--items\">\n<div class=\"field--item\">\n<div class=\"layout layout--onecol\">\n<div class=\"layout__region layout__region--content\">\n<div class=\"contenedor-atributo font-awesome\">\n<div class=\"field field--name-taxonomy-term-title field--type-ds field--label-hidden field--item\">\n<div class=\"field field--name-taxonomy-term-title field--type-ds field--label-hidden field--item\">En este curso los participantes aprender\u00e1n las l<span class=\"st\">\u00ed<\/span>neas principales del Movimiento Maker en las aulas .Conocer\u00e1n experiencias realizadas en otros lugares, c\u00f3mo crear y usar un espacio maker en sus centros educativos. Tambi<span class=\"st\">\u00e9<\/span>n, diferentes t\u00e9cnicas de creaci\u00f3n digital y manual como los soft circuits.<\/div>\n<\/div>\n<\/div>\n<\/div>\n<\/div>\n<\/div>\n<div class=\"field--item\">\n<div class=\"layout layout--onecol\">\n<div class=\"layout__region layout__region--content\">\n<div class=\"contenedor-atributo font-awesome\">\n<div class=\"field field--name-taxonomy-term-title field--type-ds field--label-hidden field--item\"><\/div>\n<\/div>\n<\/div>\n<\/div>\n<\/div>\n<\/div>\n<\/div>\n<\/div>\n<\/div>\n[\/vc_column_text][vc_zigzag color=&#8220;white&#8220;][vc_column_text]\n<div class=\"row iconos\">\n<div class=\"col-xs-12 col-sm-12 col-md-12 col-lg-12\">\n<div class=\"col-xs-12\">\n<div class=\"field field--name-field-atributo field--type-entity-reference field--label-hidden field--items\">\n<div class=\"field--item\">\n<div class=\"layout layout--onecol\">\n<div class=\"layout__region layout__region--content\">\n<div class=\"contenedor-atributo font-awesome\">\n<div class=\"field field--name-taxonomy-term-title field--type-ds field--label-hidden field--item\">\n<div class=\"field field--name-taxonomy-term-title field--type-ds field--label-hidden field--item\">\n<p><span style=\"color: #008080;\"><strong>A QUI\u00c9N EST\u00c1 DIRIGIDO<\/strong><\/span><\/p>\n<p>Este curso est\u00e1 dirigido a profesionales de la educaci\u00f3n.<\/p>\n<p class=\"\"><strong>\u00a0<\/strong><\/p>\n<\/div>\n<\/div>\n<\/div>\n<\/div>\n<\/div>\n<\/div>\n<div class=\"field--item\">\n<div class=\"layout layout--onecol\">\n<div class=\"layout__region layout__region--content\">\n<div class=\"contenedor-atributo font-awesome\">\n<div class=\"field field--name-taxonomy-term-title field--type-ds field--label-hidden field--item\"><\/div>\n<\/div>\n<\/div>\n<\/div>\n<\/div>\n<\/div>\n<\/div>\n<\/div>\n<\/div>\n[\/vc_column_text][\/vc_column][\/vc_row][vc_row][vc_column][vc_zigzag color=&#8220;white&#8220;][vc_zigzag color=&#8220;white&#8220;][\/vc_column][\/vc_row]\n","protected":false},"excerpt":{"rendered":"<p>[vc_row full_width=&#8220;stretch_row&#8220; wpex_bg_overlay=&#8220;dashed&#8220; css=&#8220;.vc_custom_1587855553490{padding-top: 120px !important;padding-bottom: 80px !important;background: #0e7a99 url(https:\/\/aulasteam.com\/wp-content\/uploads\/2020\/04\/paolaguimerans-scaled.jpg?id=15012) !important;background-position: center !important;background-repeat: no-repeat !important;background-size: cover !important;}&#8220; wpex_bg_overlay_opacity=&#8220;0.40&#8243; wpex_bg_overlay_color=&#8220;#ffffff&#8220;][vc_column][vc_column_text text_align=&#8220;center&#8220; font_weight=&#8220;semibold&#8220; color=&#8220;#ffffff&#8220; font_size=&#8220;d:48px|tp:32px&#8220; line_height=&#8220;1.2&#8243;] Aprende desde cualquier lugar con los cursos online Clases en directo por Videoconferencia [\/vc_column_text][\/vc_column][\/vc_row][vc_row css=&#8220;.vc_custom_1473186237871{padding-top: 60px !important;}&#8220;][vc_column][\/vc_column][\/vc_row][vc_row column_spacing=&#8220;50&#8243; css=&#8220;.vc_custom_1489952133748{padding-bottom: 45px !important;}&#8220;][vc_column width=&#8220;1\/2&#8243;][vc_single_image image=&#8220;15795&#8243;][vc_zigzag color=&#8220;white&#8220;][vc_zigzag color=&#8220;white&#8220;][vc_column_text]El CURSO ONLINE INCLUYE: \u00a0Acceso a un&hellip;<\/p>\n","protected":false},"author":1,"featured_media":14714,"parent":0,"menu_order":0,"comment_status":"closed","ping_status":"closed","template":"","meta":[],"_links":{"self":[{"href":"https:\/\/aulasteam.com\/de\/wp-json\/wp\/v2\/pages\/13560"}],"collection":[{"href":"https:\/\/aulasteam.com\/de\/wp-json\/wp\/v2\/pages"}],"about":[{"href":"https:\/\/aulasteam.com\/de\/wp-json\/wp\/v2\/types\/page"}],"author":[{"embeddable":true,"href":"https:\/\/aulasteam.com\/de\/wp-json\/wp\/v2\/users\/1"}],"replies":[{"embeddable":true,"href":"https:\/\/aulasteam.com\/de\/wp-json\/wp\/v2\/comments?post=13560"}],"version-history":[{"count":240,"href":"https:\/\/aulasteam.com\/de\/wp-json\/wp\/v2\/pages\/13560\/revisions"}],"predecessor-version":[{"id":16502,"href":"https:\/\/aulasteam.com\/de\/wp-json\/wp\/v2\/pages\/13560\/revisions\/16502"}],"wp:featuredmedia":[{"embeddable":true,"href":"https:\/\/aulasteam.com\/de\/wp-json\/wp\/v2\/media\/14714"}],"wp:attachment":[{"href":"https:\/\/aulasteam.com\/de\/wp-json\/wp\/v2\/media?parent=13560"}],"curies":[{"name":"wp","href":"https:\/\/api.w.org\/{rel}","templated":true}]}}